{"id":428,"date":"2017-07-13T22:11:48","date_gmt":"2017-07-14T01:11:48","guid":{"rendered":"http:\/\/www.augustoleitaoadvocacia.com.br\/blogs\/?page_id=428"},"modified":"2025-02-19T23:37:50","modified_gmt":"2025-02-20T02:37:50","slug":"atuacao-extrajudicial","status":"publish","type":"page","link":"http:\/\/www.augustoleitaoadvocacia.com.br\/blogs\/atuacao-extrajudicial\/","title":{"rendered":"Atua\u00e7\u00e3o Extrajudicial"},"content":{"rendered":"\n<!-- Quick Adsense WordPress Plugin: http:\/\/quickadsense.com\/ -->\n<div class=\"4c308e0e15e97424b3b568e9327077b2\" data-index=\"1\" style=\"float: none; margin:10px 0 10px 0; text-align:center;\">\n<script async src=\"https:\/\/pagead2.googlesyndication.com\/pagead\/js\/adsbygoogle.js\"><\/script>\r\n<!-- ad1 -->\r\n<ins class=\"adsbygoogle\"\r\n     style=\"display:block\"\r\n     data-ad-client=\"ca-pub-4368990898667171\"\r\n     data-ad-slot=\"6831709539\"\r\n     data-ad-format=\"auto\"\r\n     data-full-width-responsive=\"true\"><\/ins>\r\n<script>\r\n     (adsbygoogle = window.adsbygoogle || []).push({});\r\n<\/script>\n<\/div>\n<ul>\n<li>Elabora\u00e7\u00e3o de Pacto Antenupcial e Contatos de Conviv\u00eancia, Arrolamento de Bens, Div\u00f3rcio, Invent\u00e1rio, com e sem Testamento;<\/li>\n<li>Assessoria Jur\u00eddica na elabora\u00e7\u00e3o, revis\u00e3o e acompanhamento de Contratos Civis (Compra e Venda, Loca\u00e7\u00e3o, Incorpora\u00e7\u00e3o Imobili\u00e1ria, Hipoteca e Penhor);<\/li>\n<li>Consultas e Pareceres escritos acerca de temas relevantes da \u00c1rea C\u00edvel e Militar;<\/li>\n<li>Requerimentos Administrativos perante as For\u00e7as Armadas e For\u00e7as Auxiliares<\/li>\n<li>.<img loading=\"lazy\" class=\"size-medium wp-image-5135 aligncenter\" src=\"http:\/\/www.augustoleitaoadvocacia.com.br\/blogs\/wp-content\/uploads\/2025\/02\/escreveD4-300x300.png\" alt=\"\" width=\"300\" height=\"300\" srcset=\"http:\/\/www.augustoleitaoadvocacia.com.br\/blogs\/wp-content\/uploads\/2025\/02\/escreveD4-300x300.png 300w, http:\/\/www.augustoleitaoadvocacia.com.br\/blogs\/wp-content\/uploads\/2025\/02\/escreveD4.png 1024w, http:\/\/www.augustoleitaoadvocacia.com.br\/blogs\/wp-content\/uploads\/2025\/02\/escreveD4-150x150.png 150w, http:\/\/www.augustoleitaoadvocacia.com.br\/blogs\/wp-content\/uploads\/2025\/02\/escreveD4-768x768.png 768w, http:\/\/www.augustoleitaoadvocacia.com.br\/blogs\/wp-content\/uploads\/2025\/02\/escreveD4-960x960.png 960w, http:\/\/www.augustoleitaoadvocacia.com.br\/blogs\/wp-content\/uploads\/2025\/02\/escreveD4-480x480.png 480w, http:\/\/www.augustoleitaoadvocacia.com.br\/blogs\/wp-content\/uploads\/2025\/02\/escreveD4-320x320.png 320w, http:\/\/www.augustoleitaoadvocacia.com.br\/blogs\/wp-content\/uploads\/2025\/02\/escreveD4-240x240.png 240w\" sizes=\"(max-width: 300px) 100vw, 300px\" \/><\/li>\n<\/ul>\n<p style=\"text-align: center;\">\n\n<div style=\"font-size: 0px; height: 0px; line-height: 0px; margin: 0; padding: 0; clear: both;\"><\/div>","protected":false},"excerpt":{"rendered":"<p>Elabora\u00e7\u00e3o de Pacto Antenupcial e Contatos de Conviv\u00eancia, Arrolamento de Bens, Div\u00f3rcio, Invent\u00e1rio, com e sem Testamento; Assessoria Jur\u00eddica na elabora\u00e7\u00e3o, revis\u00e3o e acompanhamento de Contratos Civis (Compra e Venda, Loca\u00e7\u00e3o, Incorpora\u00e7\u00e3o Imobili\u00e1ria, Hipoteca e Penhor); Consultas e Pareceres escritos acerca de temas relevantes da \u00c1rea C\u00edvel e Militar; Requerimentos Administrativos perante as For\u00e7as Armadas<\/p>\n<p><a href=\"http:\/\/www.augustoleitaoadvocacia.com.br\/blogs\/atuacao-extrajudicial\/\" class=\"more-link themebutton\">Read More<\/a><\/p>\n","protected":false},"author":1,"featured_media":0,"parent":0,"menu_order":0,"comment_status":"closed","ping_status":"closed","template":"","meta":[],"yoast_head":"<!-- This site is optimized with the Yoast SEO plugin v17.6 - https:\/\/yoast.com\/wordpress\/plugins\/seo\/ -->\n<title>Atua\u00e7\u00e3o Extrajudicial - Augusto Leit&atilde;o Advocacia, Consultoria e Assessoria Jur&iacute;dica<\/title>\n<meta name=\"robots\" content=\"index, follow, max-snippet:-1, max-image-preview:large, max-video-preview:-1\" \/>\n<link rel=\"canonical\" href=\"http:\/\/www.augustoleitaoadvocacia.com.br\/blogs\/atuacao-extrajudicial\/\" \/>\n<meta property=\"og:locale\" content=\"pt_BR\" \/>\n<meta property=\"og:type\" content=\"article\" \/>\n<meta property=\"og:title\" content=\"Atua\u00e7\u00e3o Extrajudicial - Augusto Leit&atilde;o Advocacia, Consultoria e Assessoria Jur&iacute;dica\" \/>\n<meta property=\"og:description\" content=\"Elabora\u00e7\u00e3o de Pacto Antenupcial e Contatos de Conviv\u00eancia, Arrolamento de Bens, Div\u00f3rcio, Invent\u00e1rio, com e sem Testamento; Assessoria Jur\u00eddica na elabora\u00e7\u00e3o, revis\u00e3o e acompanhamento de Contratos Civis (Compra e Venda, Loca\u00e7\u00e3o, Incorpora\u00e7\u00e3o Imobili\u00e1ria, Hipoteca e Penhor); Consultas e Pareceres escritos acerca de temas relevantes da \u00c1rea C\u00edvel e Militar; Requerimentos Administrativos perante as For\u00e7as ArmadasRead More\" \/>\n<meta property=\"og:url\" content=\"http:\/\/www.augustoleitaoadvocacia.com.br\/blogs\/atuacao-extrajudicial\/\" \/>\n<meta property=\"og:site_name\" content=\"Augusto Leit&atilde;o Advocacia, Consultoria e Assessoria Jur&iacute;dica\" \/>\n<meta property=\"article:publisher\" content=\"https:\/\/www.facebook.com\/augusto.leitao.71\" \/>\n<meta property=\"article:modified_time\" content=\"2025-02-20T02:37:50+00:00\" \/>\n<meta property=\"og:image\" content=\"http:\/\/www.augustoleitaoadvocacia.com.br\/blogs\/wp-content\/uploads\/2025\/02\/escreveD4-300x300.png\" \/>\n<meta name=\"twitter:card\" content=\"summary\" \/>\n<meta name=\"twitter:label1\" content=\"Est. reading time\" \/>\n\t<meta name=\"twitter:data1\" content=\"1 minuto\" \/>\n<script type=\"application\/ld+json\" class=\"yoast-schema-graph\">{\"@context\":\"https:\/\/schema.org\",\"@graph\":[{\"@type\":\"WebSite\",\"@id\":\"http:\/\/www.augustoleitaoadvocacia.com.br\/blogs\/#website\",\"url\":\"http:\/\/www.augustoleitaoadvocacia.com.br\/blogs\/\",\"name\":\"Augusto Leit&atilde;o Advocacia, Consultoria e Assessoria Jur&iacute;dica\",\"description\":\"O Acesso &agrave; Justi&ccedil;a n&atilde;o &eacute; um Privil&eacute;gio; &eacute; um Direito!\",\"potentialAction\":[{\"@type\":\"SearchAction\",\"target\":{\"@type\":\"EntryPoint\",\"urlTemplate\":\"http:\/\/www.augustoleitaoadvocacia.com.br\/blogs\/?s={search_term_string}\"},\"query-input\":\"required name=search_term_string\"}],\"inLanguage\":\"pt-BR\"},{\"@type\":\"ImageObject\",\"@id\":\"http:\/\/www.augustoleitaoadvocacia.com.br\/blogs\/atuacao-extrajudicial\/#primaryimage\",\"inLanguage\":\"pt-BR\",\"url\":\"http:\/\/www.augustoleitaoadvocacia.com.br\/blogs\/wp-content\/uploads\/2025\/02\/escreveD4.png\",\"contentUrl\":\"http:\/\/www.augustoleitaoadvocacia.com.br\/blogs\/wp-content\/uploads\/2025\/02\/escreveD4.png\",\"width\":1024,\"height\":1024},{\"@type\":\"WebPage\",\"@id\":\"http:\/\/www.augustoleitaoadvocacia.com.br\/blogs\/atuacao-extrajudicial\/#webpage\",\"url\":\"http:\/\/www.augustoleitaoadvocacia.com.br\/blogs\/atuacao-extrajudicial\/\",\"name\":\"Atua\\u00e7\\u00e3o Extrajudicial - Augusto Leit&atilde;o Advocacia, Consultoria e Assessoria Jur&iacute;dica\",\"isPartOf\":{\"@id\":\"http:\/\/www.augustoleitaoadvocacia.com.br\/blogs\/#website\"},\"primaryImageOfPage\":{\"@id\":\"http:\/\/www.augustoleitaoadvocacia.com.br\/blogs\/atuacao-extrajudicial\/#primaryimage\"},\"datePublished\":\"2017-07-14T01:11:48+00:00\",\"dateModified\":\"2025-02-20T02:37:50+00:00\",\"breadcrumb\":{\"@id\":\"http:\/\/www.augustoleitaoadvocacia.com.br\/blogs\/atuacao-extrajudicial\/#breadcrumb\"},\"inLanguage\":\"pt-BR\",\"potentialAction\":[{\"@type\":\"ReadAction\",\"target\":[\"http:\/\/www.augustoleitaoadvocacia.com.br\/blogs\/atuacao-extrajudicial\/\"]}]},{\"@type\":\"BreadcrumbList\",\"@id\":\"http:\/\/www.augustoleitaoadvocacia.com.br\/blogs\/atuacao-extrajudicial\/#breadcrumb\",\"itemListElement\":[{\"@type\":\"ListItem\",\"position\":1,\"name\":\"In\\u00edcio\",\"item\":\"http:\/\/www.augustoleitaoadvocacia.com.br\/blogs\/\"},{\"@type\":\"ListItem\",\"position\":2,\"name\":\"Atua\\u00e7\\u00e3o Extrajudicial\"}]}]}<\/script>\n<!-- \/ Yoast SEO plugin. -->","yoast_head_json":{"title":"Atua\u00e7\u00e3o Extrajudicial - Augusto Leit&atilde;o Advocacia, Consultoria e Assessoria Jur&iacute;dica","robots":{"index":"index","follow":"follow","max-snippet":"max-snippet:-1","max-image-preview":"max-image-preview:large","max-video-preview":"max-video-preview:-1"},"canonical":"http:\/\/www.augustoleitaoadvocacia.com.br\/blogs\/atuacao-extrajudicial\/","og_locale":"pt_BR","og_type":"article","og_title":"Atua\u00e7\u00e3o Extrajudicial - Augusto Leit&atilde;o Advocacia, Consultoria e Assessoria Jur&iacute;dica","og_description":"Elabora\u00e7\u00e3o de Pacto Antenupcial e Contatos de Conviv\u00eancia, Arrolamento de Bens, Div\u00f3rcio, Invent\u00e1rio, com e sem Testamento; Assessoria Jur\u00eddica na elabora\u00e7\u00e3o, revis\u00e3o e acompanhamento de Contratos Civis (Compra e Venda, Loca\u00e7\u00e3o, Incorpora\u00e7\u00e3o Imobili\u00e1ria, Hipoteca e Penhor); Consultas e Pareceres escritos acerca de temas relevantes da \u00c1rea C\u00edvel e Militar; Requerimentos Administrativos perante as For\u00e7as ArmadasRead More","og_url":"http:\/\/www.augustoleitaoadvocacia.com.br\/blogs\/atuacao-extrajudicial\/","og_site_name":"Augusto Leit&atilde;o Advocacia, Consultoria e Assessoria Jur&iacute;dica","article_publisher":"https:\/\/www.facebook.com\/augusto.leitao.71","article_modified_time":"2025-02-20T02:37:50+00:00","og_image":[{"url":"http:\/\/www.augustoleitaoadvocacia.com.br\/blogs\/wp-content\/uploads\/2025\/02\/escreveD4-300x300.png"}],"twitter_card":"summary","twitter_misc":{"Est. reading time":"1 minuto"},"schema":{"@context":"https:\/\/schema.org","@graph":[{"@type":"WebSite","@id":"http:\/\/www.augustoleitaoadvocacia.com.br\/blogs\/#website","url":"http:\/\/www.augustoleitaoadvocacia.com.br\/blogs\/","name":"Augusto Leit&atilde;o Advocacia, Consultoria e Assessoria Jur&iacute;dica","description":"O Acesso &agrave; Justi&ccedil;a n&atilde;o &eacute; um Privil&eacute;gio; &eacute; um Direito!","potentialAction":[{"@type":"SearchAction","target":{"@type":"EntryPoint","urlTemplate":"http:\/\/www.augustoleitaoadvocacia.com.br\/blogs\/?s={search_term_string}"},"query-input":"required name=search_term_string"}],"inLanguage":"pt-BR"},{"@type":"ImageObject","@id":"http:\/\/www.augustoleitaoadvocacia.com.br\/blogs\/atuacao-extrajudicial\/#primaryimage","inLanguage":"pt-BR","url":"http:\/\/www.augustoleitaoadvocacia.com.br\/blogs\/wp-content\/uploads\/2025\/02\/escreveD4.png","contentUrl":"http:\/\/www.augustoleitaoadvocacia.com.br\/blogs\/wp-content\/uploads\/2025\/02\/escreveD4.png","width":1024,"height":1024},{"@type":"WebPage","@id":"http:\/\/www.augustoleitaoadvocacia.com.br\/blogs\/atuacao-extrajudicial\/#webpage","url":"http:\/\/www.augustoleitaoadvocacia.com.br\/blogs\/atuacao-extrajudicial\/","name":"Atua\u00e7\u00e3o Extrajudicial - Augusto Leit&atilde;o Advocacia, Consultoria e Assessoria Jur&iacute;dica","isPartOf":{"@id":"http:\/\/www.augustoleitaoadvocacia.com.br\/blogs\/#website"},"primaryImageOfPage":{"@id":"http:\/\/www.augustoleitaoadvocacia.com.br\/blogs\/atuacao-extrajudicial\/#primaryimage"},"datePublished":"2017-07-14T01:11:48+00:00","dateModified":"2025-02-20T02:37:50+00:00","breadcrumb":{"@id":"http:\/\/www.augustoleitaoadvocacia.com.br\/blogs\/atuacao-extrajudicial\/#breadcrumb"},"inLanguage":"pt-BR","potentialAction":[{"@type":"ReadAction","target":["http:\/\/www.augustoleitaoadvocacia.com.br\/blogs\/atuacao-extrajudicial\/"]}]},{"@type":"BreadcrumbList","@id":"http:\/\/www.augustoleitaoadvocacia.com.br\/blogs\/atuacao-extrajudicial\/#breadcrumb","itemListElement":[{"@type":"ListItem","position":1,"name":"In\u00edcio","item":"http:\/\/www.augustoleitaoadvocacia.com.br\/blogs\/"},{"@type":"ListItem","position":2,"name":"Atua\u00e7\u00e3o Extrajudicial"}]}]}},"_links":{"self":[{"href":"http:\/\/www.augustoleitaoadvocacia.com.br\/blogs\/wp-json\/wp\/v2\/pages\/428"}],"collection":[{"href":"http:\/\/www.augustoleitaoadvocacia.com.br\/blogs\/wp-json\/wp\/v2\/pages"}],"about":[{"href":"http:\/\/www.augustoleitaoadvocacia.com.br\/blogs\/wp-json\/wp\/v2\/types\/page"}],"author":[{"embeddable":true,"href":"http:\/\/www.augustoleitaoadvocacia.com.br\/blogs\/wp-json\/wp\/v2\/users\/1"}],"replies":[{"embeddable":true,"href":"http:\/\/www.augustoleitaoadvocacia.com.br\/blogs\/wp-json\/wp\/v2\/comments?post=428"}],"version-history":[{"count":7,"href":"http:\/\/www.augustoleitaoadvocacia.com.br\/blogs\/wp-json\/wp\/v2\/pages\/428\/revisions"}],"predecessor-version":[{"id":5138,"href":"http:\/\/www.augustoleitaoadvocacia.com.br\/blogs\/wp-json\/wp\/v2\/pages\/428\/revisions\/5138"}],"wp:attachment":[{"href":"http:\/\/www.augustoleitaoadvocacia.com.br\/blogs\/wp-json\/wp\/v2\/media?parent=428"}],"curies":[{"name":"wp","href":"https:\/\/api.w.org\/{rel}","templated":true}]}}