{"id":424,"date":"2017-07-13T13:48:21","date_gmt":"2017-07-13T16:48:21","guid":{"rendered":"http:\/\/www.augustoleitaoadvocacia.com.br\/blogs\/?page_id=424"},"modified":"2025-02-12T16:48:42","modified_gmt":"2025-02-12T19:48:42","slug":"direito_militar_hoje","status":"publish","type":"page","link":"http:\/\/www.augustoleitaoadvocacia.com.br\/blogs\/direito_militar_hoje\/","title":{"rendered":"Direito Militar"},"content":{"rendered":"\n<!-- Quick Adsense WordPress Plugin: http:\/\/quickadsense.com\/ -->\n<div class=\"4c308e0e15e97424b3b568e9327077b2\" data-index=\"1\" style=\"float: none; margin:10px 0 10px 0; text-align:center;\">\n<script async src=\"https:\/\/pagead2.googlesyndication.com\/pagead\/js\/adsbygoogle.js\"><\/script>\r\n<!-- ad1 -->\r\n<ins class=\"adsbygoogle\"\r\n     style=\"display:block\"\r\n     data-ad-client=\"ca-pub-4368990898667171\"\r\n     data-ad-slot=\"6831709539\"\r\n     data-ad-format=\"auto\"\r\n     data-full-width-responsive=\"true\"><\/ins>\r\n<script>\r\n     (adsbygoogle = window.adsbygoogle || []).push({});\r\n<\/script>\n<\/div>\n<ul>\n<li><a href=\"http:\/\/lesp\">Possibilidade de receber em vida a Licen\u00e7a Especial n\u00e3o gozada &#8211; LESP<\/a>;<\/li>\n<li>Assessoria Jur\u00eddica acerca da interfer\u00eancia ou n\u00e3o do casamento e da uni\u00e3o est\u00e1vel na manuten\u00e7\u00e3o da pens\u00e3o militar percebida periodicamente;<\/li>\n<li>A\u00e7\u00f5es para comprova\u00e7\u00e3o da condi\u00e7\u00e3o de benefici\u00e1rio e v\u00ednculo com o instituidor do benef\u00edcio: filho ou filha capaz, filhos inv\u00e1lidos, esposa, companheira, m\u00e3e e pai, dependentes econ\u00f4micos;<\/li>\n<li>A\u00e7\u00f5es pelo direito de contribuir com 1,5%, dos militares que foram impedidos de contribuir com o advento da MP 2215-10\/2001 (eram cadetes, alunos, soldados nos anos 2000\/2001);<\/li>\n<li>A\u00e7\u00f5es pelo direito de renunciar \u00e0 contribui\u00e7\u00e3o espec\u00edfica de 1,5%;<\/li>\n<li>A\u00e7\u00f5es de Isen\u00e7\u00e3o de IR;<\/li>\n<li>Anistiados Pol\u00edticos: Reconhecimento da sua condi\u00e7\u00e3o, isen\u00e7\u00e3o de IR e isen\u00e7\u00e3o de contribui\u00e7\u00e3o previdenci\u00e1ria; majora\u00e7\u00e3o do adicional de habilita\u00e7\u00e3o e do adicional militar.<\/li>\n<\/ul>\n<p style=\"text-align: center;\"><img loading=\"lazy\" class=\"alignnone size-medium wp-image-5097\" src=\"http:\/\/www.augustoleitaoadvocacia.com.br\/blogs\/wp-content\/uploads\/2025\/02\/milico1-300x300.jpg\" alt=\"\" width=\"300\" height=\"300\" srcset=\"http:\/\/www.augustoleitaoadvocacia.com.br\/blogs\/wp-content\/uploads\/2025\/02\/milico1-300x300.jpg 300w, http:\/\/www.augustoleitaoadvocacia.com.br\/blogs\/wp-content\/uploads\/2025\/02\/milico1.jpg 1024w, http:\/\/www.augustoleitaoadvocacia.com.br\/blogs\/wp-content\/uploads\/2025\/02\/milico1-150x150.jpg 150w, http:\/\/www.augustoleitaoadvocacia.com.br\/blogs\/wp-content\/uploads\/2025\/02\/milico1-768x768.jpg 768w, http:\/\/www.augustoleitaoadvocacia.com.br\/blogs\/wp-content\/uploads\/2025\/02\/milico1-960x960.jpg 960w, http:\/\/www.augustoleitaoadvocacia.com.br\/blogs\/wp-content\/uploads\/2025\/02\/milico1-480x480.jpg 480w, http:\/\/www.augustoleitaoadvocacia.com.br\/blogs\/wp-content\/uploads\/2025\/02\/milico1-320x320.jpg 320w, http:\/\/www.augustoleitaoadvocacia.com.br\/blogs\/wp-content\/uploads\/2025\/02\/milico1-240x240.jpg 240w\" sizes=\"(max-width: 300px) 100vw, 300px\" \/><\/p>\n\n<div style=\"font-size: 0px; height: 0px; line-height: 0px; margin: 0; padding: 0; clear: both;\"><\/div>","protected":false},"excerpt":{"rendered":"<p>Possibilidade de receber em vida a Licen\u00e7a Especial n\u00e3o gozada &#8211; LESP; Assessoria Jur\u00eddica acerca da interfer\u00eancia ou n\u00e3o do casamento e da uni\u00e3o est\u00e1vel na manuten\u00e7\u00e3o da pens\u00e3o militar percebida periodicamente; A\u00e7\u00f5es para comprova\u00e7\u00e3o da condi\u00e7\u00e3o de benefici\u00e1rio e v\u00ednculo com o instituidor do benef\u00edcio: filho ou filha capaz, filhos inv\u00e1lidos, esposa, companheira, m\u00e3e<\/p>\n<p><a href=\"http:\/\/www.augustoleitaoadvocacia.com.br\/blogs\/direito_militar_hoje\/\" class=\"more-link themebutton\">Read More<\/a><\/p>\n","protected":false},"author":1,"featured_media":0,"parent":0,"menu_order":0,"comment_status":"closed","ping_status":"closed","template":"","meta":[],"yoast_head":"<!-- This site is optimized with the Yoast SEO plugin v17.6 - https:\/\/yoast.com\/wordpress\/plugins\/seo\/ -->\n<title>Direito Militar - Augusto Leit&atilde;o Advocacia, Consultoria e Assessoria Jur&iacute;dica<\/title>\n<meta name=\"robots\" content=\"index, follow, max-snippet:-1, max-image-preview:large, max-video-preview:-1\" \/>\n<link rel=\"canonical\" href=\"https:\/\/www.augustoleitaoadvocacia.com.br\/blogs\/direito_militar_hoje\/\" \/>\n<meta property=\"og:locale\" content=\"pt_BR\" \/>\n<meta property=\"og:type\" content=\"article\" \/>\n<meta property=\"og:title\" content=\"Direito Militar - Augusto Leit&atilde;o Advocacia, Consultoria e Assessoria Jur&iacute;dica\" \/>\n<meta property=\"og:description\" content=\"Possibilidade de receber em vida a Licen\u00e7a Especial n\u00e3o gozada &#8211; LESP; Assessoria Jur\u00eddica acerca da interfer\u00eancia ou n\u00e3o do casamento e da uni\u00e3o est\u00e1vel na manuten\u00e7\u00e3o da pens\u00e3o militar percebida periodicamente; A\u00e7\u00f5es para comprova\u00e7\u00e3o da condi\u00e7\u00e3o de benefici\u00e1rio e v\u00ednculo com o instituidor do benef\u00edcio: filho ou filha capaz, filhos inv\u00e1lidos, esposa, companheira, m\u00e3eRead More\" \/>\n<meta property=\"og:url\" content=\"https:\/\/www.augustoleitaoadvocacia.com.br\/blogs\/direito_militar_hoje\/\" \/>\n<meta property=\"og:site_name\" content=\"Augusto Leit&atilde;o Advocacia, Consultoria e Assessoria Jur&iacute;dica\" \/>\n<meta property=\"article:publisher\" content=\"https:\/\/www.facebook.com\/augusto.leitao.71\" \/>\n<meta property=\"article:modified_time\" content=\"2025-02-12T19:48:42+00:00\" \/>\n<meta property=\"og:image\" content=\"http:\/\/www.augustoleitaoadvocacia.com.br\/blogs\/wp-content\/uploads\/2025\/02\/milico1-300x300.jpg\" \/>\n<meta name=\"twitter:card\" content=\"summary\" \/>\n<meta name=\"twitter:label1\" content=\"Est. reading time\" \/>\n\t<meta name=\"twitter:data1\" content=\"1 minuto\" \/>\n<script type=\"application\/ld+json\" class=\"yoast-schema-graph\">{\"@context\":\"https:\/\/schema.org\",\"@graph\":[{\"@type\":\"WebSite\",\"@id\":\"http:\/\/www.augustoleitaoadvocacia.com.br\/blogs\/#website\",\"url\":\"http:\/\/www.augustoleitaoadvocacia.com.br\/blogs\/\",\"name\":\"Augusto Leit&atilde;o Advocacia, Consultoria e Assessoria Jur&iacute;dica\",\"description\":\"O Acesso &agrave; Justi&ccedil;a n&atilde;o &eacute; um Privil&eacute;gio; &eacute; um Direito!\",\"potentialAction\":[{\"@type\":\"SearchAction\",\"target\":{\"@type\":\"EntryPoint\",\"urlTemplate\":\"http:\/\/www.augustoleitaoadvocacia.com.br\/blogs\/?s={search_term_string}\"},\"query-input\":\"required name=search_term_string\"}],\"inLanguage\":\"pt-BR\"},{\"@type\":\"ImageObject\",\"@id\":\"https:\/\/www.augustoleitaoadvocacia.com.br\/blogs\/direito_militar_hoje\/#primaryimage\",\"inLanguage\":\"pt-BR\",\"url\":\"http:\/\/www.augustoleitaoadvocacia.com.br\/blogs\/wp-content\/uploads\/2025\/02\/milico1.jpg\",\"contentUrl\":\"http:\/\/www.augustoleitaoadvocacia.com.br\/blogs\/wp-content\/uploads\/2025\/02\/milico1.jpg\",\"width\":1024,\"height\":1024},{\"@type\":\"WebPage\",\"@id\":\"https:\/\/www.augustoleitaoadvocacia.com.br\/blogs\/direito_militar_hoje\/#webpage\",\"url\":\"https:\/\/www.augustoleitaoadvocacia.com.br\/blogs\/direito_militar_hoje\/\",\"name\":\"Direito Militar - Augusto Leit&atilde;o Advocacia, Consultoria e Assessoria Jur&iacute;dica\",\"isPartOf\":{\"@id\":\"http:\/\/www.augustoleitaoadvocacia.com.br\/blogs\/#website\"},\"primaryImageOfPage\":{\"@id\":\"https:\/\/www.augustoleitaoadvocacia.com.br\/blogs\/direito_militar_hoje\/#primaryimage\"},\"datePublished\":\"2017-07-13T16:48:21+00:00\",\"dateModified\":\"2025-02-12T19:48:42+00:00\",\"breadcrumb\":{\"@id\":\"https:\/\/www.augustoleitaoadvocacia.com.br\/blogs\/direito_militar_hoje\/#breadcrumb\"},\"inLanguage\":\"pt-BR\",\"potentialAction\":[{\"@type\":\"ReadAction\",\"target\":[\"https:\/\/www.augustoleitaoadvocacia.com.br\/blogs\/direito_militar_hoje\/\"]}]},{\"@type\":\"BreadcrumbList\",\"@id\":\"https:\/\/www.augustoleitaoadvocacia.com.br\/blogs\/direito_militar_hoje\/#breadcrumb\",\"itemListElement\":[{\"@type\":\"ListItem\",\"position\":1,\"name\":\"In\\u00edcio\",\"item\":\"https:\/\/www.augustoleitaoadvocacia.com.br\/blogs\/\"},{\"@type\":\"ListItem\",\"position\":2,\"name\":\"Direito Militar\"}]}]}<\/script>\n<!-- \/ Yoast SEO plugin. -->","yoast_head_json":{"title":"Direito Militar - Augusto Leit&atilde;o Advocacia, Consultoria e Assessoria Jur&iacute;dica","robots":{"index":"index","follow":"follow","max-snippet":"max-snippet:-1","max-image-preview":"max-image-preview:large","max-video-preview":"max-video-preview:-1"},"canonical":"https:\/\/www.augustoleitaoadvocacia.com.br\/blogs\/direito_militar_hoje\/","og_locale":"pt_BR","og_type":"article","og_title":"Direito Militar - Augusto Leit&atilde;o Advocacia, Consultoria e Assessoria Jur&iacute;dica","og_description":"Possibilidade de receber em vida a Licen\u00e7a Especial n\u00e3o gozada &#8211; LESP; Assessoria Jur\u00eddica acerca da interfer\u00eancia ou n\u00e3o do casamento e da uni\u00e3o est\u00e1vel na manuten\u00e7\u00e3o da pens\u00e3o militar percebida periodicamente; A\u00e7\u00f5es para comprova\u00e7\u00e3o da condi\u00e7\u00e3o de benefici\u00e1rio e v\u00ednculo com o instituidor do benef\u00edcio: filho ou filha capaz, filhos inv\u00e1lidos, esposa, companheira, m\u00e3eRead More","og_url":"https:\/\/www.augustoleitaoadvocacia.com.br\/blogs\/direito_militar_hoje\/","og_site_name":"Augusto Leit&atilde;o Advocacia, Consultoria e Assessoria Jur&iacute;dica","article_publisher":"https:\/\/www.facebook.com\/augusto.leitao.71","article_modified_time":"2025-02-12T19:48:42+00:00","og_image":[{"url":"http:\/\/www.augustoleitaoadvocacia.com.br\/blogs\/wp-content\/uploads\/2025\/02\/milico1-300x300.jpg"}],"twitter_card":"summary","twitter_misc":{"Est. reading time":"1 minuto"},"schema":{"@context":"https:\/\/schema.org","@graph":[{"@type":"WebSite","@id":"http:\/\/www.augustoleitaoadvocacia.com.br\/blogs\/#website","url":"http:\/\/www.augustoleitaoadvocacia.com.br\/blogs\/","name":"Augusto Leit&atilde;o Advocacia, Consultoria e Assessoria Jur&iacute;dica","description":"O Acesso &agrave; Justi&ccedil;a n&atilde;o &eacute; um Privil&eacute;gio; &eacute; um Direito!","potentialAction":[{"@type":"SearchAction","target":{"@type":"EntryPoint","urlTemplate":"http:\/\/www.augustoleitaoadvocacia.com.br\/blogs\/?s={search_term_string}"},"query-input":"required name=search_term_string"}],"inLanguage":"pt-BR"},{"@type":"ImageObject","@id":"https:\/\/www.augustoleitaoadvocacia.com.br\/blogs\/direito_militar_hoje\/#primaryimage","inLanguage":"pt-BR","url":"http:\/\/www.augustoleitaoadvocacia.com.br\/blogs\/wp-content\/uploads\/2025\/02\/milico1.jpg","contentUrl":"http:\/\/www.augustoleitaoadvocacia.com.br\/blogs\/wp-content\/uploads\/2025\/02\/milico1.jpg","width":1024,"height":1024},{"@type":"WebPage","@id":"https:\/\/www.augustoleitaoadvocacia.com.br\/blogs\/direito_militar_hoje\/#webpage","url":"https:\/\/www.augustoleitaoadvocacia.com.br\/blogs\/direito_militar_hoje\/","name":"Direito Militar - Augusto Leit&atilde;o Advocacia, Consultoria e Assessoria Jur&iacute;dica","isPartOf":{"@id":"http:\/\/www.augustoleitaoadvocacia.com.br\/blogs\/#website"},"primaryImageOfPage":{"@id":"https:\/\/www.augustoleitaoadvocacia.com.br\/blogs\/direito_militar_hoje\/#primaryimage"},"datePublished":"2017-07-13T16:48:21+00:00","dateModified":"2025-02-12T19:48:42+00:00","breadcrumb":{"@id":"https:\/\/www.augustoleitaoadvocacia.com.br\/blogs\/direito_militar_hoje\/#breadcrumb"},"inLanguage":"pt-BR","potentialAction":[{"@type":"ReadAction","target":["https:\/\/www.augustoleitaoadvocacia.com.br\/blogs\/direito_militar_hoje\/"]}]},{"@type":"BreadcrumbList","@id":"https:\/\/www.augustoleitaoadvocacia.com.br\/blogs\/direito_militar_hoje\/#breadcrumb","itemListElement":[{"@type":"ListItem","position":1,"name":"In\u00edcio","item":"https:\/\/www.augustoleitaoadvocacia.com.br\/blogs\/"},{"@type":"ListItem","position":2,"name":"Direito Militar"}]}]}},"_links":{"self":[{"href":"http:\/\/www.augustoleitaoadvocacia.com.br\/blogs\/wp-json\/wp\/v2\/pages\/424"}],"collection":[{"href":"http:\/\/www.augustoleitaoadvocacia.com.br\/blogs\/wp-json\/wp\/v2\/pages"}],"about":[{"href":"http:\/\/www.augustoleitaoadvocacia.com.br\/blogs\/wp-json\/wp\/v2\/types\/page"}],"author":[{"embeddable":true,"href":"http:\/\/www.augustoleitaoadvocacia.com.br\/blogs\/wp-json\/wp\/v2\/users\/1"}],"replies":[{"embeddable":true,"href":"http:\/\/www.augustoleitaoadvocacia.com.br\/blogs\/wp-json\/wp\/v2\/comments?post=424"}],"version-history":[{"count":8,"href":"http:\/\/www.augustoleitaoadvocacia.com.br\/blogs\/wp-json\/wp\/v2\/pages\/424\/revisions"}],"predecessor-version":[{"id":5099,"href":"http:\/\/www.augustoleitaoadvocacia.com.br\/blogs\/wp-json\/wp\/v2\/pages\/424\/revisions\/5099"}],"wp:attachment":[{"href":"http:\/\/www.augustoleitaoadvocacia.com.br\/blogs\/wp-json\/wp\/v2\/media?parent=424"}],"curies":[{"name":"wp","href":"https:\/\/api.w.org\/{rel}","templated":true}]}}