{"id":421,"date":"2017-07-13T13:47:27","date_gmt":"2017-07-13T16:47:27","guid":{"rendered":"http:\/\/www.augustoleitaoadvocacia.com.br\/blogs\/?page_id=421"},"modified":"2025-02-19T22:47:11","modified_gmt":"2025-02-20T01:47:11","slug":"area-civel","status":"publish","type":"page","link":"http:\/\/www.augustoleitaoadvocacia.com.br\/blogs\/area-civel\/","title":{"rendered":"\u00c1rea C\u00edvel"},"content":{"rendered":"\n<!-- Quick Adsense WordPress Plugin: http:\/\/quickadsense.com\/ -->\n<div class=\"4c308e0e15e97424b3b568e9327077b2\" data-index=\"1\" style=\"float: none; margin:10px 0 10px 0; text-align:center;\">\n<script async src=\"https:\/\/pagead2.googlesyndication.com\/pagead\/js\/adsbygoogle.js\"><\/script>\r\n<!-- ad1 -->\r\n<ins class=\"adsbygoogle\"\r\n     style=\"display:block\"\r\n     data-ad-client=\"ca-pub-4368990898667171\"\r\n     data-ad-slot=\"6831709539\"\r\n     data-ad-format=\"auto\"\r\n     data-full-width-responsive=\"true\"><\/ins>\r\n<script>\r\n     (adsbygoogle = window.adsbygoogle || []).push({});\r\n<\/script>\n<\/div>\n<p>Atua\u00e7\u00e3o na \u00c1rea C\u00edvel limitada \u00e0 Responsabilidade Civil, Contratos, Direito de Fam\u00edlia e Sucess\u00f5es e Direito do Consumidor. Seguem as demandas judiciais representam o maior procura:<\/p>\n<ul>\n<li>A\u00e7\u00f5es de Alimentos e de Div\u00f3rcio;<\/li>\n<li>Assessoria Jur\u00eddica na elabora\u00e7\u00e3o de Testamentos e processamento de Invent\u00e1rios Judiciais;<\/li>\n<li>Ajuizamento e acompanhamento de a\u00e7\u00f5es de Contratos Civis:<br \/>\nContratos de compra e venda, Loca\u00e7\u00e3o, Incorpora\u00e7\u00e3o imobili\u00e1ria, Hipoteca e Penhor;<\/li>\n<li>Ajuizamento e defesa em a\u00e7\u00f5es de cobran\u00e7a;<\/li>\n<li>A\u00e7\u00f5es Indenizat\u00f3rias por Dano Moral e Material;<\/li>\n<li>Responsabilidade Civil<\/li>\n<li>A\u00e7\u00f5es que envolvam Direitos do Consumidor.<\/li>\n<\/ul>\n<p style=\"text-align: center;\">\n\n<div style=\"font-size: 0px; height: 0px; line-height: 0px; margin: 0; padding: 0; clear: both;\"><\/div>","protected":false},"excerpt":{"rendered":"<p>Atua\u00e7\u00e3o na \u00c1rea C\u00edvel limitada \u00e0 Responsabilidade Civil, Contratos, Direito de Fam\u00edlia e Sucess\u00f5es e Direito do Consumidor. Seguem as demandas judiciais representam o maior procura: A\u00e7\u00f5es de Alimentos e de Div\u00f3rcio; Assessoria Jur\u00eddica na elabora\u00e7\u00e3o de Testamentos e processamento de Invent\u00e1rios Judiciais; Ajuizamento e acompanhamento de a\u00e7\u00f5es de Contratos Civis: Contratos de compra e<\/p>\n<p><a href=\"http:\/\/www.augustoleitaoadvocacia.com.br\/blogs\/area-civel\/\" class=\"more-link themebutton\">Read More<\/a><\/p>\n","protected":false},"author":1,"featured_media":0,"parent":0,"menu_order":0,"comment_status":"closed","ping_status":"closed","template":"","meta":[],"yoast_head":"<!-- This site is optimized with the Yoast SEO plugin v17.6 - https:\/\/yoast.com\/wordpress\/plugins\/seo\/ -->\n<title>\u00c1rea C\u00edvel - Augusto Leit&atilde;o Advocacia, Consultoria e Assessoria Jur&iacute;dica<\/title>\n<meta name=\"robots\" content=\"index, follow, max-snippet:-1, max-image-preview:large, max-video-preview:-1\" \/>\n<link rel=\"canonical\" href=\"https:\/\/www.augustoleitaoadvocacia.com.br\/blogs\/area-civel\/\" \/>\n<meta property=\"og:locale\" content=\"pt_BR\" \/>\n<meta property=\"og:type\" content=\"article\" \/>\n<meta property=\"og:title\" content=\"\u00c1rea C\u00edvel - Augusto Leit&atilde;o Advocacia, Consultoria e Assessoria Jur&iacute;dica\" \/>\n<meta property=\"og:description\" content=\"Atua\u00e7\u00e3o na \u00c1rea C\u00edvel limitada \u00e0 Responsabilidade Civil, Contratos, Direito de Fam\u00edlia e Sucess\u00f5es e Direito do Consumidor. Seguem as demandas judiciais representam o maior procura: A\u00e7\u00f5es de Alimentos e de Div\u00f3rcio; Assessoria Jur\u00eddica na elabora\u00e7\u00e3o de Testamentos e processamento de Invent\u00e1rios Judiciais; Ajuizamento e acompanhamento de a\u00e7\u00f5es de Contratos Civis: Contratos de compra eRead More\" \/>\n<meta property=\"og:url\" content=\"https:\/\/www.augustoleitaoadvocacia.com.br\/blogs\/area-civel\/\" \/>\n<meta property=\"og:site_name\" content=\"Augusto Leit&atilde;o Advocacia, Consultoria e Assessoria Jur&iacute;dica\" \/>\n<meta property=\"article:publisher\" content=\"https:\/\/www.facebook.com\/augusto.leitao.71\" \/>\n<meta property=\"article:modified_time\" content=\"2025-02-20T01:47:11+00:00\" \/>\n<meta name=\"twitter:card\" content=\"summary\" \/>\n<meta name=\"twitter:label1\" content=\"Est. reading time\" \/>\n\t<meta name=\"twitter:data1\" content=\"1 minuto\" \/>\n<script type=\"application\/ld+json\" class=\"yoast-schema-graph\">{\"@context\":\"https:\/\/schema.org\",\"@graph\":[{\"@type\":\"WebSite\",\"@id\":\"http:\/\/www.augustoleitaoadvocacia.com.br\/blogs\/#website\",\"url\":\"http:\/\/www.augustoleitaoadvocacia.com.br\/blogs\/\",\"name\":\"Augusto Leit&atilde;o Advocacia, Consultoria e Assessoria Jur&iacute;dica\",\"description\":\"O Acesso &agrave; Justi&ccedil;a n&atilde;o &eacute; um Privil&eacute;gio; &eacute; um Direito!\",\"potentialAction\":[{\"@type\":\"SearchAction\",\"target\":{\"@type\":\"EntryPoint\",\"urlTemplate\":\"http:\/\/www.augustoleitaoadvocacia.com.br\/blogs\/?s={search_term_string}\"},\"query-input\":\"required name=search_term_string\"}],\"inLanguage\":\"pt-BR\"},{\"@type\":\"WebPage\",\"@id\":\"https:\/\/www.augustoleitaoadvocacia.com.br\/blogs\/area-civel\/#webpage\",\"url\":\"https:\/\/www.augustoleitaoadvocacia.com.br\/blogs\/area-civel\/\",\"name\":\"\\u00c1rea C\\u00edvel - Augusto Leit&atilde;o Advocacia, Consultoria e Assessoria Jur&iacute;dica\",\"isPartOf\":{\"@id\":\"http:\/\/www.augustoleitaoadvocacia.com.br\/blogs\/#website\"},\"datePublished\":\"2017-07-13T16:47:27+00:00\",\"dateModified\":\"2025-02-20T01:47:11+00:00\",\"breadcrumb\":{\"@id\":\"https:\/\/www.augustoleitaoadvocacia.com.br\/blogs\/area-civel\/#breadcrumb\"},\"inLanguage\":\"pt-BR\",\"potentialAction\":[{\"@type\":\"ReadAction\",\"target\":[\"https:\/\/www.augustoleitaoadvocacia.com.br\/blogs\/area-civel\/\"]}]},{\"@type\":\"BreadcrumbList\",\"@id\":\"https:\/\/www.augustoleitaoadvocacia.com.br\/blogs\/area-civel\/#breadcrumb\",\"itemListElement\":[{\"@type\":\"ListItem\",\"position\":1,\"name\":\"In\\u00edcio\",\"item\":\"http:\/\/www.augustoleitaoadvocacia.com.br\/blogs\/\"},{\"@type\":\"ListItem\",\"position\":2,\"name\":\"\\u00c1rea C\\u00edvel\"}]}]}<\/script>\n<!-- \/ Yoast SEO plugin. -->","yoast_head_json":{"title":"\u00c1rea C\u00edvel - Augusto Leit&atilde;o Advocacia, Consultoria e Assessoria Jur&iacute;dica","robots":{"index":"index","follow":"follow","max-snippet":"max-snippet:-1","max-image-preview":"max-image-preview:large","max-video-preview":"max-video-preview:-1"},"canonical":"https:\/\/www.augustoleitaoadvocacia.com.br\/blogs\/area-civel\/","og_locale":"pt_BR","og_type":"article","og_title":"\u00c1rea C\u00edvel - Augusto Leit&atilde;o Advocacia, Consultoria e Assessoria Jur&iacute;dica","og_description":"Atua\u00e7\u00e3o na \u00c1rea C\u00edvel limitada \u00e0 Responsabilidade Civil, Contratos, Direito de Fam\u00edlia e Sucess\u00f5es e Direito do Consumidor. Seguem as demandas judiciais representam o maior procura: A\u00e7\u00f5es de Alimentos e de Div\u00f3rcio; Assessoria Jur\u00eddica na elabora\u00e7\u00e3o de Testamentos e processamento de Invent\u00e1rios Judiciais; Ajuizamento e acompanhamento de a\u00e7\u00f5es de Contratos Civis: Contratos de compra eRead More","og_url":"https:\/\/www.augustoleitaoadvocacia.com.br\/blogs\/area-civel\/","og_site_name":"Augusto Leit&atilde;o Advocacia, Consultoria e Assessoria Jur&iacute;dica","article_publisher":"https:\/\/www.facebook.com\/augusto.leitao.71","article_modified_time":"2025-02-20T01:47:11+00:00","twitter_card":"summary","twitter_misc":{"Est. reading time":"1 minuto"},"schema":{"@context":"https:\/\/schema.org","@graph":[{"@type":"WebSite","@id":"http:\/\/www.augustoleitaoadvocacia.com.br\/blogs\/#website","url":"http:\/\/www.augustoleitaoadvocacia.com.br\/blogs\/","name":"Augusto Leit&atilde;o Advocacia, Consultoria e Assessoria Jur&iacute;dica","description":"O Acesso &agrave; Justi&ccedil;a n&atilde;o &eacute; um Privil&eacute;gio; &eacute; um Direito!","potentialAction":[{"@type":"SearchAction","target":{"@type":"EntryPoint","urlTemplate":"http:\/\/www.augustoleitaoadvocacia.com.br\/blogs\/?s={search_term_string}"},"query-input":"required name=search_term_string"}],"inLanguage":"pt-BR"},{"@type":"WebPage","@id":"https:\/\/www.augustoleitaoadvocacia.com.br\/blogs\/area-civel\/#webpage","url":"https:\/\/www.augustoleitaoadvocacia.com.br\/blogs\/area-civel\/","name":"\u00c1rea C\u00edvel - Augusto Leit&atilde;o Advocacia, Consultoria e Assessoria Jur&iacute;dica","isPartOf":{"@id":"http:\/\/www.augustoleitaoadvocacia.com.br\/blogs\/#website"},"datePublished":"2017-07-13T16:47:27+00:00","dateModified":"2025-02-20T01:47:11+00:00","breadcrumb":{"@id":"https:\/\/www.augustoleitaoadvocacia.com.br\/blogs\/area-civel\/#breadcrumb"},"inLanguage":"pt-BR","potentialAction":[{"@type":"ReadAction","target":["https:\/\/www.augustoleitaoadvocacia.com.br\/blogs\/area-civel\/"]}]},{"@type":"BreadcrumbList","@id":"https:\/\/www.augustoleitaoadvocacia.com.br\/blogs\/area-civel\/#breadcrumb","itemListElement":[{"@type":"ListItem","position":1,"name":"In\u00edcio","item":"http:\/\/www.augustoleitaoadvocacia.com.br\/blogs\/"},{"@type":"ListItem","position":2,"name":"\u00c1rea C\u00edvel"}]}]}},"_links":{"self":[{"href":"http:\/\/www.augustoleitaoadvocacia.com.br\/blogs\/wp-json\/wp\/v2\/pages\/421"}],"collection":[{"href":"http:\/\/www.augustoleitaoadvocacia.com.br\/blogs\/wp-json\/wp\/v2\/pages"}],"about":[{"href":"http:\/\/www.augustoleitaoadvocacia.com.br\/blogs\/wp-json\/wp\/v2\/types\/page"}],"author":[{"embeddable":true,"href":"http:\/\/www.augustoleitaoadvocacia.com.br\/blogs\/wp-json\/wp\/v2\/users\/1"}],"replies":[{"embeddable":true,"href":"http:\/\/www.augustoleitaoadvocacia.com.br\/blogs\/wp-json\/wp\/v2\/comments?post=421"}],"version-history":[{"count":5,"href":"http:\/\/www.augustoleitaoadvocacia.com.br\/blogs\/wp-json\/wp\/v2\/pages\/421\/revisions"}],"predecessor-version":[{"id":5117,"href":"http:\/\/www.augustoleitaoadvocacia.com.br\/blogs\/wp-json\/wp\/v2\/pages\/421\/revisions\/5117"}],"wp:attachment":[{"href":"http:\/\/www.augustoleitaoadvocacia.com.br\/blogs\/wp-json\/wp\/v2\/media?parent=421"}],"curies":[{"name":"wp","href":"https:\/\/api.w.org\/{rel}","templated":true}]}}