{"id":2604,"date":"2021-01-05T00:49:12","date_gmt":"2021-01-05T02:49:12","guid":{"rendered":"http:\/\/www.augustoleitaoadvocacia.com.br\/blogs\/?page_id=2604"},"modified":"2025-02-19T23:03:41","modified_gmt":"2025-02-20T02:03:41","slug":"contracheque","status":"publish","type":"page","link":"http:\/\/www.augustoleitaoadvocacia.com.br\/blogs\/contracheque\/","title":{"rendered":"MEU CONTRACHEQUE EST\u00c1 CORRETO?"},"content":{"rendered":"\n<!-- Quick Adsense WordPress Plugin: http:\/\/quickadsense.com\/ -->\n<div class=\"4c308e0e15e97424b3b568e9327077b2\" data-index=\"1\" style=\"float: none; margin:10px 0 10px 0; text-align:center;\">\n<script async src=\"https:\/\/pagead2.googlesyndication.com\/pagead\/js\/adsbygoogle.js\"><\/script>\r\n<!-- ad1 -->\r\n<ins class=\"adsbygoogle\"\r\n     style=\"display:block\"\r\n     data-ad-client=\"ca-pub-4368990898667171\"\r\n     data-ad-slot=\"6831709539\"\r\n     data-ad-format=\"auto\"\r\n     data-full-width-responsive=\"true\"><\/ins>\r\n<script>\r\n     (adsbygoogle = window.adsbygoogle || []).push({});\r\n<\/script>\n<\/div>\n\n<a href=\"reajuste-jan2020\" target=\"_self\" itemprop=\"url\" rel=\"noopener noreferrer\">\n\t\t\t\t<img loading=\"lazy\" src=\"http:\/\/www.augustoleitaoadvocacia.com.br\/blogs\/wp-content\/uploads\/2021\/01\/REAJ_JAN_2020.png\" alt=\"REAJ_JAN_2020\" itemprop=\"image\" height=\"267\" width=\"793\" title=\"REAJ_JAN_2020\" onerror=\"this.style.display='none'\">\n\t\t\t\t<\/a>\n<h3><a href=\"reajuste-jan2020\" target=\"_self\" rel=\"noopener noreferrer\">Qual Adicional deveria ter se modificado em JAN\/2020?<\/a><\/h3>\t\t\n\t\t\t<h6>Aqui voc\u00ea vai entender em que casos o Adicional por Tempo de Servi\u00e7o deveria ter sido modificado em JAN\/2020 e em que casos a Lei 13.954\/2019 prev\u00ea sua manuten\u00e7\u00e3o.<\/h6>\n\t\t\t<a href=\"reajuste-jan2020\" target=\"_self\" role=\"button\" rel=\"noopener noreferrer\">\n\t\t\t\t\t\t\tSaiba Mais &gt;&gt;\n\t\t\t\t\t<\/a>\n\t\t\t\t<a href=\"contribuicoes-lei-13954\" target=\"_self\" itemprop=\"url\" rel=\"noopener noreferrer\">\n\t\t\t\t<img loading=\"lazy\" src=\"http:\/\/www.augustoleitaoadvocacia.com.br\/blogs\/wp-content\/uploads\/2021\/01\/CONTRIB.png\" alt=\"CONTRIB\" itemprop=\"image\" height=\"267\" width=\"793\" title=\"CONTRIB\" onerror=\"this.style.display='none'\">\n\t\t\t\t<\/a>\n<h3><a href=\"contribuicoes-lei-13954\" target=\"_self\" rel=\"noopener noreferrer\">Entenda os descontos previstos na Lei 13.954\/2019<\/a><\/h3>\t\t\n\t\t\t<h6>Quais s\u00e3o os descontos de contribui\u00e7\u00e3o para a pens\u00e3o militar e para a pens\u00e3o especial de ex-combatente previstos na Lei 13.954\/2019?&nbsp; Cabe contribui\u00e7\u00e3o extraordin\u00e1ria?<\/h6>\n\t\t\t<a href=\"contribuicoes-lei-13954\" target=\"_self\" role=\"button\" rel=\"noopener noreferrer\">\n\t\t\t\t\t\t\tSaiba Mais &gt;&gt;\n\t\t\t\t\t<\/a>\n\t\t\t\t<a href=\"reajuste-2020-2021\" target=\"_self\" itemprop=\"url\" rel=\"noopener noreferrer\">\n\t\t\t\t<img loading=\"lazy\" src=\"http:\/\/www.augustoleitaoadvocacia.com.br\/blogs\/wp-content\/uploads\/2021\/01\/REAJ_2020-2021.png\" alt=\"REAJ_2020-2021\" itemprop=\"image\" height=\"267\" width=\"793\" title=\"REAJ_2020-2021\" onerror=\"this.style.display='none'\">\n\t\t\t\t<\/a>\n<h3><a href=\"reajuste-2020-2021\" target=\"_self\" rel=\"noopener noreferrer\">Reajustes do Adicional de Habilita\u00e7\u00e3o<\/a><\/h3>\t\t\n\t\t\t<h6>Quais ser\u00e3o os novos percentuais do Adicional de Habilita\u00e7\u00e3o at\u00e9 2023 por categoria e onde est\u00e1 previsto o escalonamento da Lei 13.954\/2019?<\/h6>\n\t\t\t<a href=\"reajuste-2020-2021\" target=\"_self\" role=\"button\" rel=\"noopener noreferrer\">\n\t\t\t\t\t\t\tSaiba Mais &gt;&gt;\n\t\t\t\t\t<\/a>\n\t\t\t\t<a href=\"minimo-legal\" target=\"_self\" itemprop=\"url\" rel=\"noopener noreferrer\">\n\t\t\t\t<img loading=\"lazy\" src=\"http:\/\/www.augustoleitaoadvocacia.com.br\/blogs\/wp-content\/uploads\/2021\/04\/botpia.jpg\" alt=\"botpia\" itemprop=\"image\" height=\"267\" width=\"793\" title=\"botpia\" onerror=\"this.style.display='none'\">\n\t\t\t\t<\/a>\n<h3><a href=\"minimo-legal\" target=\"_self\" rel=\"noopener noreferrer\">O que fazer se est\u00e1 recebendo menos de 30% de Proventos ou Pens\u00f5es?<\/a><\/h3>\t\t\n\t\t\t<h6>Entenda o que a Lei 13.954\/2019 trouxe de novidades a quem tinha descontos autorizados como empr\u00e9stimos. O que significa &#8220;estoque&#8221; e o que fazer?<\/h6>\n\t\t\t<a href=\"minimo-legal\" target=\"_self\" role=\"button\" rel=\"noopener noreferrer\">\n\t\t\t\t\t\t\tSaiba Mais &gt;&gt;\n\t\t\t\t\t<\/a>\n\t\t\t\t<a href=\"faq-cc\" target=\"_self\" itemprop=\"url\" rel=\"noopener noreferrer\">\n\t\t\t\t<img loading=\"lazy\" src=\"http:\/\/www.augustoleitaoadvocacia.com.br\/blogs\/wp-content\/uploads\/2021\/01\/FAQ_CC.png\" alt=\"FAQ_CC\" itemprop=\"image\" height=\"267\" width=\"793\" title=\"FAQ_CC\" onerror=\"this.style.display='none'\">\n\t\t\t\t<\/a>\n<h3><a href=\"faq-cc\" target=\"_self\" rel=\"noopener noreferrer\">Principais D\u00favidas no Blog e no Canal<\/a><\/h3>\t\t\n\t\t\t<h6>Entenda agora as 20 (vinte) perguntas mais recorrentes no Blog e no Canal a respeito das modifica\u00e7\u00f5es trazidas pela Lei 13.954\/2019 nos contracheques de militares e pensionistas.<\/h6>\n\t\t\t<a href=\"faq-cc\" target=\"_self\" role=\"button\" rel=\"noopener noreferrer\">\n\t\t\t\t\t\t\tSaiba Mais &gt;&gt;\n\t\t\t\t\t<\/a>\n\t\t\t\t<a href=\"contato\" target=\"_self\" itemprop=\"url\" rel=\"noopener noreferrer\">\n\t\t\t\t<img loading=\"lazy\" src=\"http:\/\/www.augustoleitaoadvocacia.com.br\/blogs\/wp-content\/uploads\/2021\/01\/VIDEO_CONF.png\" alt=\"VIDEO_CONF\" itemprop=\"image\" height=\"267\" width=\"793\" title=\"VIDEO_CONF\" onerror=\"this.style.display='none'\">\n\t\t\t\t<\/a>\n<h3><a href=\"contato\" target=\"_self\" rel=\"noopener noreferrer\">Videoconfer\u00eancias desde a Pandemia de Covid-19<\/a><\/h3>\t\t\n\t\t\t<h6>A consulta por videoconfer\u00eancia, informa\u00e7\u00f5es sobre honor\u00e1rios e outros esclarecimentos devem ser realizados via e-mail ou Whatsapp na&nbsp;<a href=\"http:\/\/www.augustoleitaoadvocacia.com.br\/blogs\/contato\/\">p\u00e1gina de contatos<\/a>.<\/h6>\n\t\t\t<a href=\"contato\" target=\"_self\" role=\"button\" rel=\"noopener noreferrer\">\n\t\t\t\t\t\t\tSaiba Mais &gt;&gt;\n\t\t\t\t\t<\/a>\n\t\t<h3>Agendamento de Videoconfer\u00eancia!!<\/h3>\n\t\t<h5>A consulta por videoconfer\u00eancia, informa\u00e7\u00f5es sobre honor\u00e1rios e outros esclarecimentos devem ser realizados via e-mail ou Whatsapp na <a href=\"http:\/\/www.augustoleitaoadvocacia.com.br\/blogs\/contato\/\">p\u00e1gina de contatos<\/a>.<\/h5>\n\t\t\t<a href=\"contato\" target=\"_self\" role=\"button\" rel=\"noopener noreferrer\">\n\t\t\t\t\t\t\tP\u00e1gina de Contatos!!\n\t\t\t\t\t<\/a>\n\n<div style=\"font-size: 0px; height: 0px; line-height: 0px; margin: 0; padding: 0; clear: both;\"><\/div>","protected":false},"excerpt":{"rendered":"<p>Qual Adicional deveria ter se modificado em JAN\/2020? Aqui voc\u00ea vai entender em que casos o Adicional por Tempo de Servi\u00e7o deveria ter sido modificado em JAN\/2020 e em que casos a Lei 13.954\/2019 prev\u00ea sua manuten\u00e7\u00e3o. Saiba Mais &gt;&gt; Entenda os descontos previstos na Lei 13.954\/2019 Quais s\u00e3o os descontos de contribui\u00e7\u00e3o para a<\/p>\n<p><a href=\"http:\/\/www.augustoleitaoadvocacia.com.br\/blogs\/contracheque\/\" class=\"more-link themebutton\">Read More<\/a><\/p>\n","protected":false},"author":1,"featured_media":0,"parent":0,"menu_order":0,"comment_status":"closed","ping_status":"closed","template":"","meta":[],"yoast_head":"<!-- This site is optimized with the Yoast SEO plugin v17.6 - https:\/\/yoast.com\/wordpress\/plugins\/seo\/ -->\n<title>MEU CONTRACHEQUE EST\u00c1 CORRETO? - Augusto Leit&atilde;o Advocacia, Consultoria e Assessoria Jur&iacute;dica<\/title>\n<meta name=\"description\" content=\"Entenda quais as principais modifica\u00e7\u00f5es que a Lei 13.954\/2019 trouxe para militares e pensionistas e se os descontos em seu contracheque t\u00eam previs\u00e3o legal\" \/>\n<meta name=\"robots\" content=\"index, follow, max-snippet:-1, max-image-preview:large, max-video-preview:-1\" \/>\n<link rel=\"canonical\" href=\"http:\/\/www.augustoleitaoadvocacia.com.br\/blogs\/contracheque\/\" \/>\n<meta property=\"og:locale\" content=\"pt_BR\" \/>\n<meta property=\"og:type\" content=\"article\" \/>\n<meta property=\"og:title\" content=\"MEU CONTRACHEQUE EST\u00c1 CORRETO? - Augusto Leit&atilde;o Advocacia, Consultoria e Assessoria Jur&iacute;dica\" \/>\n<meta property=\"og:description\" content=\"Entenda quais as principais modifica\u00e7\u00f5es que a Lei 13.954\/2019 trouxe para militares e pensionistas e se os descontos em seu contracheque t\u00eam previs\u00e3o legal\" \/>\n<meta property=\"og:url\" content=\"http:\/\/www.augustoleitaoadvocacia.com.br\/blogs\/contracheque\/\" \/>\n<meta property=\"og:site_name\" content=\"Augusto Leit&atilde;o Advocacia, Consultoria e Assessoria Jur&iacute;dica\" \/>\n<meta property=\"article:publisher\" content=\"https:\/\/www.facebook.com\/augusto.leitao.71\" \/>\n<meta property=\"article:modified_time\" content=\"2025-02-20T02:03:41+00:00\" \/>\n<meta property=\"og:image\" content=\"http:\/\/www.augustoleitaoadvocacia.com.br\/blogs\/wp-content\/uploads\/2021\/01\/REAJ_JAN_2020.png\" \/>\n<meta name=\"twitter:card\" content=\"summary\" \/>\n<meta name=\"twitter:label1\" content=\"Est. reading time\" \/>\n\t<meta name=\"twitter:data1\" content=\"3 minutos\" \/>\n<script type=\"application\/ld+json\" class=\"yoast-schema-graph\">{\"@context\":\"https:\/\/schema.org\",\"@graph\":[{\"@type\":\"WebSite\",\"@id\":\"http:\/\/www.augustoleitaoadvocacia.com.br\/blogs\/#website\",\"url\":\"http:\/\/www.augustoleitaoadvocacia.com.br\/blogs\/\",\"name\":\"Augusto Leit&atilde;o Advocacia, Consultoria e Assessoria Jur&iacute;dica\",\"description\":\"O Acesso &agrave; Justi&ccedil;a n&atilde;o &eacute; um Privil&eacute;gio; &eacute; um Direito!\",\"potentialAction\":[{\"@type\":\"SearchAction\",\"target\":{\"@type\":\"EntryPoint\",\"urlTemplate\":\"http:\/\/www.augustoleitaoadvocacia.com.br\/blogs\/?s={search_term_string}\"},\"query-input\":\"required name=search_term_string\"}],\"inLanguage\":\"pt-BR\"},{\"@type\":\"ImageObject\",\"@id\":\"http:\/\/www.augustoleitaoadvocacia.com.br\/blogs\/contracheque\/#primaryimage\",\"inLanguage\":\"pt-BR\",\"url\":\"http:\/\/www.augustoleitaoadvocacia.com.br\/blogs\/wp-content\/uploads\/2021\/01\/REAJ_JAN_2020.png\",\"contentUrl\":\"http:\/\/www.augustoleitaoadvocacia.com.br\/blogs\/wp-content\/uploads\/2021\/01\/REAJ_JAN_2020.png\",\"width\":793,\"height\":267},{\"@type\":\"WebPage\",\"@id\":\"http:\/\/www.augustoleitaoadvocacia.com.br\/blogs\/contracheque\/#webpage\",\"url\":\"http:\/\/www.augustoleitaoadvocacia.com.br\/blogs\/contracheque\/\",\"name\":\"MEU CONTRACHEQUE EST\\u00c1 CORRETO? - Augusto Leit&atilde;o Advocacia, Consultoria e Assessoria Jur&iacute;dica\",\"isPartOf\":{\"@id\":\"http:\/\/www.augustoleitaoadvocacia.com.br\/blogs\/#website\"},\"primaryImageOfPage\":{\"@id\":\"http:\/\/www.augustoleitaoadvocacia.com.br\/blogs\/contracheque\/#primaryimage\"},\"datePublished\":\"2021-01-05T02:49:12+00:00\",\"dateModified\":\"2025-02-20T02:03:41+00:00\",\"description\":\"Entenda quais as principais modifica\\u00e7\\u00f5es que a Lei 13.954\/2019 trouxe para militares e pensionistas e se os descontos em seu contracheque t\\u00eam previs\\u00e3o legal\",\"breadcrumb\":{\"@id\":\"http:\/\/www.augustoleitaoadvocacia.com.br\/blogs\/contracheque\/#breadcrumb\"},\"inLanguage\":\"pt-BR\",\"potentialAction\":[{\"@type\":\"ReadAction\",\"target\":[\"http:\/\/www.augustoleitaoadvocacia.com.br\/blogs\/contracheque\/\"]}]},{\"@type\":\"BreadcrumbList\",\"@id\":\"http:\/\/www.augustoleitaoadvocacia.com.br\/blogs\/contracheque\/#breadcrumb\",\"itemListElement\":[{\"@type\":\"ListItem\",\"position\":1,\"name\":\"In\\u00edcio\",\"item\":\"https:\/\/www.augustoleitaoadvocacia.com.br\/blogs\/\"},{\"@type\":\"ListItem\",\"position\":2,\"name\":\"MEU CONTRACHEQUE EST\\u00c1 CORRETO?\"}]}]}<\/script>\n<!-- \/ Yoast SEO plugin. -->","yoast_head_json":{"title":"MEU CONTRACHEQUE EST\u00c1 CORRETO? - Augusto Leit&atilde;o Advocacia, Consultoria e Assessoria Jur&iacute;dica","description":"Entenda quais as principais modifica\u00e7\u00f5es que a Lei 13.954\/2019 trouxe para militares e pensionistas e se os descontos em seu contracheque t\u00eam previs\u00e3o legal","robots":{"index":"index","follow":"follow","max-snippet":"max-snippet:-1","max-image-preview":"max-image-preview:large","max-video-preview":"max-video-preview:-1"},"canonical":"http:\/\/www.augustoleitaoadvocacia.com.br\/blogs\/contracheque\/","og_locale":"pt_BR","og_type":"article","og_title":"MEU CONTRACHEQUE EST\u00c1 CORRETO? - Augusto Leit&atilde;o Advocacia, Consultoria e Assessoria Jur&iacute;dica","og_description":"Entenda quais as principais modifica\u00e7\u00f5es que a Lei 13.954\/2019 trouxe para militares e pensionistas e se os descontos em seu contracheque t\u00eam previs\u00e3o legal","og_url":"http:\/\/www.augustoleitaoadvocacia.com.br\/blogs\/contracheque\/","og_site_name":"Augusto Leit&atilde;o Advocacia, Consultoria e Assessoria Jur&iacute;dica","article_publisher":"https:\/\/www.facebook.com\/augusto.leitao.71","article_modified_time":"2025-02-20T02:03:41+00:00","og_image":[{"url":"http:\/\/www.augustoleitaoadvocacia.com.br\/blogs\/wp-content\/uploads\/2021\/01\/REAJ_JAN_2020.png"}],"twitter_card":"summary","twitter_misc":{"Est. reading time":"3 minutos"},"schema":{"@context":"https:\/\/schema.org","@graph":[{"@type":"WebSite","@id":"http:\/\/www.augustoleitaoadvocacia.com.br\/blogs\/#website","url":"http:\/\/www.augustoleitaoadvocacia.com.br\/blogs\/","name":"Augusto Leit&atilde;o Advocacia, Consultoria e Assessoria Jur&iacute;dica","description":"O Acesso &agrave; Justi&ccedil;a n&atilde;o &eacute; um Privil&eacute;gio; &eacute; um Direito!","potentialAction":[{"@type":"SearchAction","target":{"@type":"EntryPoint","urlTemplate":"http:\/\/www.augustoleitaoadvocacia.com.br\/blogs\/?s={search_term_string}"},"query-input":"required name=search_term_string"}],"inLanguage":"pt-BR"},{"@type":"ImageObject","@id":"http:\/\/www.augustoleitaoadvocacia.com.br\/blogs\/contracheque\/#primaryimage","inLanguage":"pt-BR","url":"http:\/\/www.augustoleitaoadvocacia.com.br\/blogs\/wp-content\/uploads\/2021\/01\/REAJ_JAN_2020.png","contentUrl":"http:\/\/www.augustoleitaoadvocacia.com.br\/blogs\/wp-content\/uploads\/2021\/01\/REAJ_JAN_2020.png","width":793,"height":267},{"@type":"WebPage","@id":"http:\/\/www.augustoleitaoadvocacia.com.br\/blogs\/contracheque\/#webpage","url":"http:\/\/www.augustoleitaoadvocacia.com.br\/blogs\/contracheque\/","name":"MEU CONTRACHEQUE EST\u00c1 CORRETO? - Augusto Leit&atilde;o Advocacia, Consultoria e Assessoria Jur&iacute;dica","isPartOf":{"@id":"http:\/\/www.augustoleitaoadvocacia.com.br\/blogs\/#website"},"primaryImageOfPage":{"@id":"http:\/\/www.augustoleitaoadvocacia.com.br\/blogs\/contracheque\/#primaryimage"},"datePublished":"2021-01-05T02:49:12+00:00","dateModified":"2025-02-20T02:03:41+00:00","description":"Entenda quais as principais modifica\u00e7\u00f5es que a Lei 13.954\/2019 trouxe para militares e pensionistas e se os descontos em seu contracheque t\u00eam previs\u00e3o legal","breadcrumb":{"@id":"http:\/\/www.augustoleitaoadvocacia.com.br\/blogs\/contracheque\/#breadcrumb"},"inLanguage":"pt-BR","potentialAction":[{"@type":"ReadAction","target":["http:\/\/www.augustoleitaoadvocacia.com.br\/blogs\/contracheque\/"]}]},{"@type":"BreadcrumbList","@id":"http:\/\/www.augustoleitaoadvocacia.com.br\/blogs\/contracheque\/#breadcrumb","itemListElement":[{"@type":"ListItem","position":1,"name":"In\u00edcio","item":"https:\/\/www.augustoleitaoadvocacia.com.br\/blogs\/"},{"@type":"ListItem","position":2,"name":"MEU CONTRACHEQUE EST\u00c1 CORRETO?"}]}]}},"_links":{"self":[{"href":"http:\/\/www.augustoleitaoadvocacia.com.br\/blogs\/wp-json\/wp\/v2\/pages\/2604"}],"collection":[{"href":"http:\/\/www.augustoleitaoadvocacia.com.br\/blogs\/wp-json\/wp\/v2\/pages"}],"about":[{"href":"http:\/\/www.augustoleitaoadvocacia.com.br\/blogs\/wp-json\/wp\/v2\/types\/page"}],"author":[{"embeddable":true,"href":"http:\/\/www.augustoleitaoadvocacia.com.br\/blogs\/wp-json\/wp\/v2\/users\/1"}],"replies":[{"embeddable":true,"href":"http:\/\/www.augustoleitaoadvocacia.com.br\/blogs\/wp-json\/wp\/v2\/comments?post=2604"}],"version-history":[{"count":7,"href":"http:\/\/www.augustoleitaoadvocacia.com.br\/blogs\/wp-json\/wp\/v2\/pages\/2604\/revisions"}],"predecessor-version":[{"id":5126,"href":"http:\/\/www.augustoleitaoadvocacia.com.br\/blogs\/wp-json\/wp\/v2\/pages\/2604\/revisions\/5126"}],"wp:attachment":[{"href":"http:\/\/www.augustoleitaoadvocacia.com.br\/blogs\/wp-json\/wp\/v2\/media?parent=2604"}],"curies":[{"name":"wp","href":"https:\/\/api.w.org\/{rel}","templated":true}]}}