{"id":2513,"date":"2020-12-28T03:21:47","date_gmt":"2020-12-28T05:21:47","guid":{"rendered":"http:\/\/www.augustoleitaoadvocacia.com.br\/blogs\/?page_id=2513"},"modified":"2025-02-19T22:55:38","modified_gmt":"2025-02-20T01:55:38","slug":"ex-combatentes","status":"publish","type":"page","link":"http:\/\/www.augustoleitaoadvocacia.com.br\/blogs\/ex-combatentes\/","title":{"rendered":"Ex-Combatentes e Veteranos de Guerra"},"content":{"rendered":"\n<!-- Quick Adsense WordPress Plugin: http:\/\/quickadsense.com\/ -->\n<div class=\"4c308e0e15e97424b3b568e9327077b2\" data-index=\"1\" style=\"float: none; margin:10px 0 10px 0; text-align:center;\">\n<script async src=\"https:\/\/pagead2.googlesyndication.com\/pagead\/js\/adsbygoogle.js\"><\/script>\r\n<!-- ad1 -->\r\n<ins class=\"adsbygoogle\"\r\n     style=\"display:block\"\r\n     data-ad-client=\"ca-pub-4368990898667171\"\r\n     data-ad-slot=\"6831709539\"\r\n     data-ad-format=\"auto\"\r\n     data-full-width-responsive=\"true\"><\/ins>\r\n<script>\r\n     (adsbygoogle = window.adsbygoogle || []).push({});\r\n<\/script>\n<\/div>\n\n<a href=\"quem-sao-os-ex-combatentes-do-brasil\" target=\"_self\" itemprop=\"url\" rel=\"noopener noreferrer\">\n\t\t\t\t<img src=\"http:\/\/www.augustoleitaoadvocacia.com.br\/blogs\/wp-content\/uploads\/2020\/12\/quem_sao.png\" alt=\"<a href=&quot;http:\/\/<a href=&quot;http:\/\/www.augustoleitaoadvocacia.com.br\/blogs\/quem-sao-os-ex-combatentes-do-brasil\/&quot;><\/a>&quot;><\/a>&#8221; itemprop=&#8221;image&#8221; height=&#8221;267&#8243; width=&#8221;793&#8243; title=&#8221;quem_sao&#8221; onerror=&#8221;this.style.display=&#8217;none'&#8221;>\n\t\t\t\t<\/a>\n<h3><a href=\"quem-sao-os-ex-combatentes-do-brasil\" target=\"_self\" rel=\"noopener noreferrer\">Quem s\u00e3o os Ex-Combatentes do Brasil?<\/a><\/h3>\t\t\n\t\t\t<p>Como a Constitui\u00e7\u00e3o Federal de 1988 tratou a quest\u00e3o dos Ex-Combatentes e quais eram os requisitos da Lei 4.242\/1963?<\/p>\n\t\t\t<a href=\"quem-sao-os-ex-combatentes-do-brasil\" target=\"_self\" role=\"button\" rel=\"noopener noreferrer\">\n\t\t\t\t\t\t\tSaiba Mais &gt;&gt;\n\t\t\t\t\t<\/a>\n\t\t\t\t<a href=\"qual-o-valor-da-pensao-especial-de-ex-combatente\" target=\"_self\" itemprop=\"url\" rel=\"noopener noreferrer\">\n\t\t\t\t<img src=\"http:\/\/www.augustoleitaoadvocacia.com.br\/blogs\/wp-content\/uploads\/2020\/12\/2t-2s.png\" alt=\"<a href=&quot;http:\/\/www.augustoleitaoadvocacia.com.br\/blogs\/qual-o-valor-da-pensao-especial-de-ex-combatente\/&quot;><\/a>&#8221; itemprop=&#8221;image&#8221; height=&#8221;267&#8243; width=&#8221;793&#8243; title=&#8221;2t-2s&#8221; onerror=&#8221;this.style.display=&#8217;none'&#8221;>\n\t\t\t\t<\/a>\n<h3><a href=\"qual-o-valor-da-pensao-especial-de-ex-combatente\" target=\"_self\" rel=\"noopener noreferrer\">Qual \u00e9 o valor da Pens\u00e3o Especial de Ex-Combatente?<\/a><\/h3>\t\t\n\t\t\t<p>Vamos analisar os valores previstos na Lei n\u00ba 4.242\/1963 e na Lei n\u00ba 8.059\/1990 e suas implica\u00e7\u00f5es pr\u00e1ticas.<\/p>\n\t\t\t<a href=\"qual-o-valor-da-pensao-especial-de-ex-combatente\" target=\"_self\" role=\"button\" rel=\"noopener noreferrer\">\n\t\t\t\t\t\t\tSaiba Mais &gt;&gt;\n\t\t\t\t\t<\/a>\n\t\t\t\t<a href=\"ILEGALIDADE-DA-CONTRIBUICAO-DE-EX-COMBATENTE\" target=\"_self\" itemprop=\"url\" rel=\"noopener noreferrer\">\n\t\t\t\t<img loading=\"lazy\" src=\"http:\/\/www.augustoleitaoadvocacia.com.br\/blogs\/wp-content\/uploads\/2020\/12\/Sem-t\u00edtulo-3c\u00f3pia.png\" alt=\"Sem t\u00edtulo-3c\u00f3pia\" itemprop=\"image\" height=\"267\" width=\"793\" title=\"Sem t\u00edtulo-3c\u00f3pia\" onerror=\"this.style.display='none'\">\n\t\t\t\t<\/a>\n<h3><a href=\"ILEGALIDADE-DA-CONTRIBUICAO-DE-EX-COMBATENTE\" target=\"_self\" rel=\"noopener noreferrer\">Por que Contribui\u00e7\u00e3o Extraordin\u00e1ria \u00e9 Ilegal?<\/a><\/h3>\t\t\n\t\t\t<p>Qual a previs\u00e3o legal do desconto da contribui\u00e7\u00e3o da pens\u00e3o especial e qual sua natureza jur\u00eddica?<\/p>\n\t\t\t<a href=\"ILEGALIDADE-DA-CONTRIBUICAO-DE-EX-COMBATENTE\" target=\"_self\" role=\"button\" rel=\"noopener noreferrer\">\n\t\t\t\t\t\t\tSaiba Mais &gt;&gt;\n\t\t\t\t\t<\/a>\n\t\t\t\t<a href=\"ex-combatente-01\" target=\"_self\" itemprop=\"url\" rel=\"noopener noreferrer\">\n\t\t\t\t<img loading=\"lazy\" src=\"http:\/\/www.augustoleitaoadvocacia.com.br\/blogs\/wp-content\/uploads\/2020\/11\/T1.png\" alt=\"T1\" itemprop=\"image\" height=\"267\" width=\"793\" title=\"T1\" onerror=\"this.style.display='none'\">\n\t\t\t\t<\/a>\n<h3><a href=\"ex-combatente-01\" target=\"_self\" rel=\"noopener noreferrer\">Por que a Lei 13.954\/2019 trouxe apenas \u00d4nus aos Ex-Combatentes?<\/a><\/h3>\t\t\n\t\t\t<p>Quais foram as modifica\u00e7\u00f5es trazidas pela Lei 13.954\/2019 aos Ex-Combatentes e seus pensionistas?<\/p>\n\t\t\t<a href=\"ex-combatente-01\" target=\"_self\" role=\"button\" rel=\"noopener noreferrer\">\n\t\t\t\t\t\t\tSaiba Mais &gt;&gt;\n\t\t\t\t\t<\/a>\n\t\t\t\t<a href=\"ex-combatentes-e-veteranos\" target=\"_self\" itemprop=\"url\" rel=\"noopener noreferrer\">\n\t\t\t\t<img loading=\"lazy\" src=\"http:\/\/www.augustoleitaoadvocacia.com.br\/blogs\/wp-content\/uploads\/2020\/12\/Sem-t\u00edtulo-2c\u00f3pia.png\" alt=\"Sem t\u00edtulo-2c\u00f3pia\" itemprop=\"image\" height=\"267\" width=\"793\" title=\"Sem t\u00edtulo-2c\u00f3pia\" onerror=\"this.style.display='none'\">\n\t\t\t\t<\/a>\n<h3><a href=\"ex-combatentes-e-veteranos\" target=\"_self\" rel=\"noopener noreferrer\">Quais as diferen\u00e7as entre Ex-Combatentes e Veteranos de Guerra?<\/a><\/h3>\t\t\n\t\t\t<p>Entenda os conceitos e as diferen\u00e7as pr\u00e1ticas acerca do rol de dependentes, descontos e contribui\u00e7\u00f5es.<\/p>\n\t\t\t<a href=\"ex-combatentes-e-veteranos\" target=\"_self\" role=\"button\" rel=\"noopener noreferrer\">\n\t\t\t\t\t\t\tSaiba Mais &gt;&gt;\n\t\t\t\t\t<\/a>\n\t\t\t\t<a href=\"ex-combatentes-litoreneos\" target=\"_self\" itemprop=\"url\" rel=\"noopener noreferrer\">\n\t\t\t\t<img loading=\"lazy\" src=\"http:\/\/www.augustoleitaoadvocacia.com.br\/blogs\/wp-content\/uploads\/2020\/12\/Sem-t\u00edtulo-4c\u00f3pia.png\" alt=\"Sem t\u00edtulo-4c\u00f3pia\" itemprop=\"image\" height=\"267\" width=\"793\" title=\"Sem t\u00edtulo-4c\u00f3pia\" onerror=\"this.style.display='none'\">\n\t\t\t\t<\/a>\n<h3><a href=\"ex-combatentes-litoreneos\" target=\"_self\" rel=\"noopener noreferrer\">Jurisprud\u00eancia Comentada de Ex-Combetentes Patrulheiros do Litoral<\/a><\/h3>\t\t\n\t\t\t<p>Saiba por que discordo dos Tribunais acerca da pens\u00e3o especial a Ex-Combatentes patrulheiros do Litoral<\/p>\n\t\t\t<a href=\"ex-combatentes-litoreneos\" target=\"_self\" role=\"button\" rel=\"noopener noreferrer\">\n\t\t\t\t\t\t\tSaiba Mais &gt;&gt;\n\t\t\t\t\t<\/a>\n\t\t\t\t<a href=\"filhas4242\" target=\"_self\" itemprop=\"url\" rel=\"noopener noreferrer\">\n\t\t\t\t<img loading=\"lazy\" src=\"http:\/\/www.augustoleitaoadvocacia.com.br\/blogs\/wp-content\/uploads\/2020\/12\/Sem-t\u00edtulo-1c\u00f3pia.png\" alt=\"Sem t\u00edtulo-1c\u00f3pia\" itemprop=\"image\" height=\"267\" width=\"793\" title=\"Sem t\u00edtulo-1c\u00f3pia\" onerror=\"this.style.display='none'\">\n\t\t\t\t<\/a>\n<h3><a href=\"filhas4242\" target=\"_self\" rel=\"noopener noreferrer\">Qual Lei se aplica a voc\u00ea? H\u00e1 outras?<\/a><\/h3>\t\t\n\t\t\t<p>Entenda o que determina a aplicabilidade da Lei n\u00ba 4.242 ou da Lei n\u00ba 8.059\/1990 a cada caso.<\/p>\n\t\t\t<a href=\"filhas4242\" target=\"_self\" role=\"button\" rel=\"noopener noreferrer\">\n\t\t\t\t\t\t\tSaiba Mais &gt;&gt;\n\t\t\t\t\t<\/a>\n\t\t\t\t<a href=\"ex-combatente-05\" target=\"_self\" itemprop=\"url\" rel=\"noopener noreferrer\">\n\t\t\t\t<img loading=\"lazy\" src=\"http:\/\/www.augustoleitaoadvocacia.com.br\/blogs\/wp-content\/uploads\/2020\/11\/T1.png\" alt=\"T1\" itemprop=\"image\" height=\"267\" width=\"793\" title=\"T1\" onerror=\"this.style.display='none'\">\n\t\t\t\t<\/a>\n<h3><a href=\"ex-combatente-05\" target=\"_self\" rel=\"noopener noreferrer\">Requisitos Jurisprudenciais<\/a><\/h3>\t\t\n\t\t\t<p>Os requisitos criados pela Jurisprud\u00eancia, que n\u00e3o est\u00e3o no texto Legal<\/p>\n\t\t\t<a href=\"ex-combatente-05\" target=\"_self\" role=\"button\" rel=\"noopener noreferrer\">\n\t\t\t\t\t\t\tSaiba Mais &gt;&gt;\n\t\t\t\t\t<\/a>\n\t\t<h3>Videoconfer\u00eancia<\/h3>\n\t\t<p>Entenda porque a Videoconfer\u00eancia \u00e9 uma realidade desde o in\u00edcio da Pandemia de Covid-19 e porque \u00e9 preciso que o ambiente entre Advogado e Cliente seja seguro e sigiloso, como qualquer consulta presencial, como prev\u00ea o Estatuto da OAB.<\/p>\n\t\t\t<a href=\"http:\/\/www.augustoleitaoadvocacia.com.br\/blogs\/videoconferencia\/\" target=\"_self\" role=\"button\" rel=\"noopener noreferrer\">\n\t\t\t\t\t\t\tVideoconfer\u00eancia\n\t\t\t\t\t<\/a>\n\n<div style=\"font-size: 0px; height: 0px; line-height: 0px; margin: 0; padding: 0; clear: both;\"><\/div>","protected":false},"excerpt":{"rendered":"","protected":false},"author":1,"featured_media":0,"parent":0,"menu_order":0,"comment_status":"closed","ping_status":"closed","template":"","meta":[],"yoast_head":"<!-- This site is optimized with the Yoast SEO plugin v17.6 - https:\/\/yoast.com\/wordpress\/plugins\/seo\/ -->\n<title>Ex-Combatentes e Veteranos de Guerra - Augusto Leit&atilde;o Advocacia, Consultoria e Assessoria Jur&iacute;dica<\/title>\n<meta name=\"robots\" content=\"index, follow, max-snippet:-1, max-image-preview:large, max-video-preview:-1\" \/>\n<link rel=\"canonical\" href=\"http:\/\/www.augustoleitaoadvocacia.com.br\/blogs\/ex-combatentes\/\" \/>\n<meta property=\"og:locale\" content=\"pt_BR\" \/>\n<meta property=\"og:type\" content=\"article\" \/>\n<meta property=\"og:title\" content=\"Ex-Combatentes e Veteranos de Guerra - Augusto Leit&atilde;o Advocacia, Consultoria e Assessoria Jur&iacute;dica\" \/>\n<meta property=\"og:url\" content=\"http:\/\/www.augustoleitaoadvocacia.com.br\/blogs\/ex-combatentes\/\" \/>\n<meta property=\"og:site_name\" content=\"Augusto Leit&atilde;o Advocacia, Consultoria e Assessoria Jur&iacute;dica\" \/>\n<meta property=\"article:publisher\" content=\"https:\/\/www.facebook.com\/augusto.leitao.71\" \/>\n<meta property=\"article:modified_time\" content=\"2025-02-20T01:55:38+00:00\" \/>\n<meta property=\"og:image\" content=\"http:\/\/www.augustoleitaoadvocacia.com.br\/blogs\/wp-content\/uploads\/2020\/12\/quem_sao.png\" \/>\n<meta name=\"twitter:card\" content=\"summary\" \/>\n<meta name=\"twitter:label1\" content=\"Est. reading time\" \/>\n\t<meta name=\"twitter:data1\" content=\"3 minutos\" \/>\n<script type=\"application\/ld+json\" class=\"yoast-schema-graph\">{\"@context\":\"https:\/\/schema.org\",\"@graph\":[{\"@type\":\"WebSite\",\"@id\":\"http:\/\/www.augustoleitaoadvocacia.com.br\/blogs\/#website\",\"url\":\"http:\/\/www.augustoleitaoadvocacia.com.br\/blogs\/\",\"name\":\"Augusto Leit&atilde;o Advocacia, Consultoria e Assessoria Jur&iacute;dica\",\"description\":\"O Acesso &agrave; Justi&ccedil;a n&atilde;o &eacute; um Privil&eacute;gio; &eacute; um Direito!\",\"potentialAction\":[{\"@type\":\"SearchAction\",\"target\":{\"@type\":\"EntryPoint\",\"urlTemplate\":\"http:\/\/www.augustoleitaoadvocacia.com.br\/blogs\/?s={search_term_string}\"},\"query-input\":\"required name=search_term_string\"}],\"inLanguage\":\"pt-BR\"},{\"@type\":\"ImageObject\",\"@id\":\"http:\/\/www.augustoleitaoadvocacia.com.br\/blogs\/ex-combatentes\/#primaryimage\",\"inLanguage\":\"pt-BR\",\"url\":\"http:\/\/www.augustoleitaoadvocacia.com.br\/blogs\/wp-content\/uploads\/2020\/12\/quem_sao.png\",\"contentUrl\":\"http:\/\/www.augustoleitaoadvocacia.com.br\/blogs\/wp-content\/uploads\/2020\/12\/quem_sao.png\",\"width\":793,\"height\":267},{\"@type\":\"WebPage\",\"@id\":\"http:\/\/www.augustoleitaoadvocacia.com.br\/blogs\/ex-combatentes\/#webpage\",\"url\":\"http:\/\/www.augustoleitaoadvocacia.com.br\/blogs\/ex-combatentes\/\",\"name\":\"Ex-Combatentes e Veteranos de Guerra - Augusto Leit&atilde;o Advocacia, Consultoria e Assessoria Jur&iacute;dica\",\"isPartOf\":{\"@id\":\"http:\/\/www.augustoleitaoadvocacia.com.br\/blogs\/#website\"},\"primaryImageOfPage\":{\"@id\":\"http:\/\/www.augustoleitaoadvocacia.com.br\/blogs\/ex-combatentes\/#primaryimage\"},\"datePublished\":\"2020-12-28T05:21:47+00:00\",\"dateModified\":\"2025-02-20T01:55:38+00:00\",\"breadcrumb\":{\"@id\":\"http:\/\/www.augustoleitaoadvocacia.com.br\/blogs\/ex-combatentes\/#breadcrumb\"},\"inLanguage\":\"pt-BR\",\"potentialAction\":[{\"@type\":\"ReadAction\",\"target\":[\"http:\/\/www.augustoleitaoadvocacia.com.br\/blogs\/ex-combatentes\/\"]}]},{\"@type\":\"BreadcrumbList\",\"@id\":\"http:\/\/www.augustoleitaoadvocacia.com.br\/blogs\/ex-combatentes\/#breadcrumb\",\"itemListElement\":[{\"@type\":\"ListItem\",\"position\":1,\"name\":\"In\\u00edcio\",\"item\":\"https:\/\/www.augustoleitaoadvocacia.com.br\/blogs\/\"},{\"@type\":\"ListItem\",\"position\":2,\"name\":\"Ex-Combatentes e Veteranos de Guerra\"}]}]}<\/script>\n<!-- \/ Yoast SEO plugin. -->","yoast_head_json":{"title":"Ex-Combatentes e Veteranos de Guerra - Augusto Leit&atilde;o Advocacia, Consultoria e Assessoria Jur&iacute;dica","robots":{"index":"index","follow":"follow","max-snippet":"max-snippet:-1","max-image-preview":"max-image-preview:large","max-video-preview":"max-video-preview:-1"},"canonical":"http:\/\/www.augustoleitaoadvocacia.com.br\/blogs\/ex-combatentes\/","og_locale":"pt_BR","og_type":"article","og_title":"Ex-Combatentes e Veteranos de Guerra - Augusto Leit&atilde;o Advocacia, Consultoria e Assessoria Jur&iacute;dica","og_url":"http:\/\/www.augustoleitaoadvocacia.com.br\/blogs\/ex-combatentes\/","og_site_name":"Augusto Leit&atilde;o Advocacia, Consultoria e Assessoria Jur&iacute;dica","article_publisher":"https:\/\/www.facebook.com\/augusto.leitao.71","article_modified_time":"2025-02-20T01:55:38+00:00","og_image":[{"url":"http:\/\/www.augustoleitaoadvocacia.com.br\/blogs\/wp-content\/uploads\/2020\/12\/quem_sao.png"}],"twitter_card":"summary","twitter_misc":{"Est. reading time":"3 minutos"},"schema":{"@context":"https:\/\/schema.org","@graph":[{"@type":"WebSite","@id":"http:\/\/www.augustoleitaoadvocacia.com.br\/blogs\/#website","url":"http:\/\/www.augustoleitaoadvocacia.com.br\/blogs\/","name":"Augusto Leit&atilde;o Advocacia, Consultoria e Assessoria Jur&iacute;dica","description":"O Acesso &agrave; Justi&ccedil;a n&atilde;o &eacute; um Privil&eacute;gio; &eacute; um Direito!","potentialAction":[{"@type":"SearchAction","target":{"@type":"EntryPoint","urlTemplate":"http:\/\/www.augustoleitaoadvocacia.com.br\/blogs\/?s={search_term_string}"},"query-input":"required name=search_term_string"}],"inLanguage":"pt-BR"},{"@type":"ImageObject","@id":"http:\/\/www.augustoleitaoadvocacia.com.br\/blogs\/ex-combatentes\/#primaryimage","inLanguage":"pt-BR","url":"http:\/\/www.augustoleitaoadvocacia.com.br\/blogs\/wp-content\/uploads\/2020\/12\/quem_sao.png","contentUrl":"http:\/\/www.augustoleitaoadvocacia.com.br\/blogs\/wp-content\/uploads\/2020\/12\/quem_sao.png","width":793,"height":267},{"@type":"WebPage","@id":"http:\/\/www.augustoleitaoadvocacia.com.br\/blogs\/ex-combatentes\/#webpage","url":"http:\/\/www.augustoleitaoadvocacia.com.br\/blogs\/ex-combatentes\/","name":"Ex-Combatentes e Veteranos de Guerra - Augusto Leit&atilde;o Advocacia, Consultoria e Assessoria Jur&iacute;dica","isPartOf":{"@id":"http:\/\/www.augustoleitaoadvocacia.com.br\/blogs\/#website"},"primaryImageOfPage":{"@id":"http:\/\/www.augustoleitaoadvocacia.com.br\/blogs\/ex-combatentes\/#primaryimage"},"datePublished":"2020-12-28T05:21:47+00:00","dateModified":"2025-02-20T01:55:38+00:00","breadcrumb":{"@id":"http:\/\/www.augustoleitaoadvocacia.com.br\/blogs\/ex-combatentes\/#breadcrumb"},"inLanguage":"pt-BR","potentialAction":[{"@type":"ReadAction","target":["http:\/\/www.augustoleitaoadvocacia.com.br\/blogs\/ex-combatentes\/"]}]},{"@type":"BreadcrumbList","@id":"http:\/\/www.augustoleitaoadvocacia.com.br\/blogs\/ex-combatentes\/#breadcrumb","itemListElement":[{"@type":"ListItem","position":1,"name":"In\u00edcio","item":"https:\/\/www.augustoleitaoadvocacia.com.br\/blogs\/"},{"@type":"ListItem","position":2,"name":"Ex-Combatentes e Veteranos de Guerra"}]}]}},"_links":{"self":[{"href":"http:\/\/www.augustoleitaoadvocacia.com.br\/blogs\/wp-json\/wp\/v2\/pages\/2513"}],"collection":[{"href":"http:\/\/www.augustoleitaoadvocacia.com.br\/blogs\/wp-json\/wp\/v2\/pages"}],"about":[{"href":"http:\/\/www.augustoleitaoadvocacia.com.br\/blogs\/wp-json\/wp\/v2\/types\/page"}],"author":[{"embeddable":true,"href":"http:\/\/www.augustoleitaoadvocacia.com.br\/blogs\/wp-json\/wp\/v2\/users\/1"}],"replies":[{"embeddable":true,"href":"http:\/\/www.augustoleitaoadvocacia.com.br\/blogs\/wp-json\/wp\/v2\/comments?post=2513"}],"version-history":[{"count":13,"href":"http:\/\/www.augustoleitaoadvocacia.com.br\/blogs\/wp-json\/wp\/v2\/pages\/2513\/revisions"}],"predecessor-version":[{"id":5122,"href":"http:\/\/www.augustoleitaoadvocacia.com.br\/blogs\/wp-json\/wp\/v2\/pages\/2513\/revisions\/5122"}],"wp:attachment":[{"href":"http:\/\/www.augustoleitaoadvocacia.com.br\/blogs\/wp-json\/wp\/v2\/media?parent=2513"}],"curies":[{"name":"wp","href":"https:\/\/api.w.org\/{rel}","templated":true}]}}