{"id":2,"date":"2017-07-06T23:42:36","date_gmt":"2017-07-07T02:42:36","guid":{"rendered":"http:\/\/www.augustoleitaoadvocacia.com.br\/blogs\/?page_id=2"},"modified":"2025-02-20T23:30:10","modified_gmt":"2025-02-21T02:30:10","slug":"videoconferencia","status":"publish","type":"page","link":"http:\/\/www.augustoleitaoadvocacia.com.br\/blogs\/videoconferencia\/","title":{"rendered":"VIDEOCONFER\u00caNCIA"},"content":{"rendered":"\n<!-- Quick Adsense WordPress Plugin: http:\/\/quickadsense.com\/ -->\n<div class=\"4c308e0e15e97424b3b568e9327077b2\" data-index=\"1\" style=\"float: none; margin:10px 0 10px 0; text-align:center;\">\n<script async src=\"https:\/\/pagead2.googlesyndication.com\/pagead\/js\/adsbygoogle.js\"><\/script>\r\n<!-- ad1 -->\r\n<ins class=\"adsbygoogle\"\r\n     style=\"display:block\"\r\n     data-ad-client=\"ca-pub-4368990898667171\"\r\n     data-ad-slot=\"6831709539\"\r\n     data-ad-format=\"auto\"\r\n     data-full-width-responsive=\"true\"><\/ins>\r\n<script>\r\n     (adsbygoogle = window.adsbygoogle || []).push({});\r\n<\/script>\n<\/div>\n\n\n\t\t\t\t<img loading=\"lazy\" src=\"http:\/\/www.augustoleitaoadvocacia.com.br\/blogs\/wp-content\/uploads\/2025\/02\/video.png\" alt=\"video\" itemprop=\"image\" height=\"1024\" width=\"1024\" title=\"video\" onerror=\"this.style.display='none'\"  \/>\n<h3>\n\t\tNossa abordagem\n\t<\/h3>\n<h3>\n\t\tNossa hist\u00f3ria\n\t<\/h3>\n\t<h3>Consulta por Videoconfer\u00eancia<\/h3>\n<h5>Diante da pandemia de COVID-19, nossa Sociedade de Advocacia ampliou a sua linha digital de atendimento:<\/h5>\n<h5>A partir de 1\u00ba de julho de 2020, o sistema de consulta jur\u00eddica por videoconfer\u00eancia foi disponibilizado para os interessados.<\/h5>\n<h5>Al\u00e9m de evitar a transmiss\u00e3o sistem\u00e1tica da Covid-19, e de proporcionar mais conforto e agilidade ao nosso p\u00fablico, a Consulta por Videoconfer\u00eancia \u00e9 uma novidade que observa as mesmas normas de seguran\u00e7a e os deveres de sigilo e privacidade, garantidos pelo Estatuto da OAB (Lei N\u00ba 8.906, de 4 de julho de 1994) e pela Lei Geral de Prote\u00e7\u00e3o de Dados Pessoais &#8211; LGPD (Lei N\u00ba 13.709, de 14 de agosto de 2018), assim como ocorre em qualquer consulta presencial.<\/h5>\n<h3>Prezamos, acima de tudo, pela sa\u00fade e bem-estar de todos.<\/h3>\n<h5>A consulta por videoconfer\u00eancia deve ser agendada previamente via e-mail ou Whatsapp na <a href=\"http:\/\/www.augustoleitaoadvocacia.com.br\/blogs\/contato\/\">p\u00e1gina de contatos<\/a>.<\/h5>\n\t\t<h3>Agendamento da Videoconfer\u00eancia!<\/h3>\n\t\t<h5>A consulta por videoconfer\u00eancia, informa\u00e7\u00f5es sobre honor\u00e1rios e outros esclarecimentos devem ser realizados via e-mail ou Whatsapp na <a href=\"http:\/\/www.augustoleitaoadvocacia.com.br\/blogs\/contato\/\">p\u00e1gina de contatos<\/a>.<\/h5>\n\t\t\t<a href=\"http:\/\/www.augustoleitaoadvocacia.com.br\/blogs\/contato\/\" target=\"_self\" role=\"button\" rel=\"noopener\">\n\t\t\t\t\t\t\tP\u00e1gina de Contatos\n\t\t\t\t\t<\/a>\n\n\n<div style=\"font-size: 0px; height: 0px; line-height: 0px; margin: 0; padding: 0; clear: both;\"><\/div>","protected":false},"excerpt":{"rendered":"<p>Nossa abordagem Nossa hist\u00f3ria Consulta por Videoconfer\u00eancia Diante da pandemia de COVID-19, nossa Sociedade de Advocacia ampliou a sua linha digital de atendimento: A partir de 1\u00ba de julho de 2020, o sistema de consulta jur\u00eddica por videoconfer\u00eancia foi disponibilizado para os interessados. Al\u00e9m de evitar a transmiss\u00e3o sistem\u00e1tica da Covid-19, e de proporcionar mais<\/p>\n<p><a href=\"http:\/\/www.augustoleitaoadvocacia.com.br\/blogs\/videoconferencia\/\" class=\"more-link themebutton\">Read More<\/a><\/p>\n","protected":false},"author":1,"featured_media":0,"parent":0,"menu_order":0,"comment_status":"closed","ping_status":"closed","template":"","meta":[],"yoast_head":"<!-- This site is optimized with the Yoast SEO plugin v17.6 - https:\/\/yoast.com\/wordpress\/plugins\/seo\/ -->\n<title>VIDEOCONFER\u00caNCIA - Augusto Leit&atilde;o Advocacia, Consultoria e Assessoria Jur&iacute;dica<\/title>\n<meta name=\"robots\" content=\"index, follow, max-snippet:-1, max-image-preview:large, max-video-preview:-1\" \/>\n<link rel=\"canonical\" href=\"http:\/\/www.augustoleitaoadvocacia.com.br\/blogs\/videoconferencia\/\" \/>\n<meta property=\"og:locale\" content=\"pt_BR\" \/>\n<meta property=\"og:type\" content=\"article\" \/>\n<meta property=\"og:title\" content=\"VIDEOCONFER\u00caNCIA - Augusto Leit&atilde;o Advocacia, Consultoria e Assessoria Jur&iacute;dica\" \/>\n<meta property=\"og:description\" content=\"Nossa abordagem Nossa hist\u00f3ria Consulta por Videoconfer\u00eancia Diante da pandemia de COVID-19, nossa Sociedade de Advocacia ampliou a sua linha digital de atendimento: A partir de 1\u00ba de julho de 2020, o sistema de consulta jur\u00eddica por videoconfer\u00eancia foi disponibilizado para os interessados. Al\u00e9m de evitar a transmiss\u00e3o sistem\u00e1tica da Covid-19, e de proporcionar maisRead More\" \/>\n<meta property=\"og:url\" content=\"http:\/\/www.augustoleitaoadvocacia.com.br\/blogs\/videoconferencia\/\" \/>\n<meta property=\"og:site_name\" content=\"Augusto Leit&atilde;o Advocacia, Consultoria e Assessoria Jur&iacute;dica\" \/>\n<meta property=\"article:publisher\" content=\"https:\/\/www.facebook.com\/augusto.leitao.71\" \/>\n<meta property=\"article:modified_time\" content=\"2025-02-21T02:30:10+00:00\" \/>\n<meta property=\"og:image\" content=\"http:\/\/www.augustoleitaoadvocacia.com.br\/blogs\/wp-content\/uploads\/2025\/02\/video.png\" \/>\n<meta name=\"twitter:card\" content=\"summary\" \/>\n<meta name=\"twitter:label1\" content=\"Est. reading time\" \/>\n\t<meta name=\"twitter:data1\" content=\"1 minuto\" \/>\n<script type=\"application\/ld+json\" class=\"yoast-schema-graph\">{\"@context\":\"https:\/\/schema.org\",\"@graph\":[{\"@type\":\"WebSite\",\"@id\":\"http:\/\/www.augustoleitaoadvocacia.com.br\/blogs\/#website\",\"url\":\"http:\/\/www.augustoleitaoadvocacia.com.br\/blogs\/\",\"name\":\"Augusto Leit&atilde;o Advocacia, Consultoria e Assessoria Jur&iacute;dica\",\"description\":\"O Acesso &agrave; Justi&ccedil;a n&atilde;o &eacute; um Privil&eacute;gio; &eacute; um Direito!\",\"potentialAction\":[{\"@type\":\"SearchAction\",\"target\":{\"@type\":\"EntryPoint\",\"urlTemplate\":\"http:\/\/www.augustoleitaoadvocacia.com.br\/blogs\/?s={search_term_string}\"},\"query-input\":\"required name=search_term_string\"}],\"inLanguage\":\"pt-BR\"},{\"@type\":\"ImageObject\",\"@id\":\"http:\/\/www.augustoleitaoadvocacia.com.br\/blogs\/videoconferencia\/#primaryimage\",\"inLanguage\":\"pt-BR\",\"url\":\"http:\/\/www.augustoleitaoadvocacia.com.br\/blogs\/wp-content\/uploads\/2025\/02\/video.png\",\"contentUrl\":\"http:\/\/www.augustoleitaoadvocacia.com.br\/blogs\/wp-content\/uploads\/2025\/02\/video.png\",\"width\":1024,\"height\":1024},{\"@type\":\"WebPage\",\"@id\":\"http:\/\/www.augustoleitaoadvocacia.com.br\/blogs\/videoconferencia\/#webpage\",\"url\":\"http:\/\/www.augustoleitaoadvocacia.com.br\/blogs\/videoconferencia\/\",\"name\":\"VIDEOCONFER\\u00caNCIA - Augusto Leit&atilde;o Advocacia, Consultoria e Assessoria Jur&iacute;dica\",\"isPartOf\":{\"@id\":\"http:\/\/www.augustoleitaoadvocacia.com.br\/blogs\/#website\"},\"primaryImageOfPage\":{\"@id\":\"http:\/\/www.augustoleitaoadvocacia.com.br\/blogs\/videoconferencia\/#primaryimage\"},\"datePublished\":\"2017-07-07T02:42:36+00:00\",\"dateModified\":\"2025-02-21T02:30:10+00:00\",\"breadcrumb\":{\"@id\":\"http:\/\/www.augustoleitaoadvocacia.com.br\/blogs\/videoconferencia\/#breadcrumb\"},\"inLanguage\":\"pt-BR\",\"potentialAction\":[{\"@type\":\"ReadAction\",\"target\":[\"http:\/\/www.augustoleitaoadvocacia.com.br\/blogs\/videoconferencia\/\"]}]},{\"@type\":\"BreadcrumbList\",\"@id\":\"http:\/\/www.augustoleitaoadvocacia.com.br\/blogs\/videoconferencia\/#breadcrumb\",\"itemListElement\":[{\"@type\":\"ListItem\",\"position\":1,\"name\":\"In\\u00edcio\",\"item\":\"https:\/\/www.augustoleitaoadvocacia.com.br\/blogs\/\"},{\"@type\":\"ListItem\",\"position\":2,\"name\":\"VIDEOCONFER\\u00caNCIA\"}]}]}<\/script>\n<!-- \/ Yoast SEO plugin. -->","yoast_head_json":{"title":"VIDEOCONFER\u00caNCIA - Augusto Leit&atilde;o Advocacia, Consultoria e Assessoria Jur&iacute;dica","robots":{"index":"index","follow":"follow","max-snippet":"max-snippet:-1","max-image-preview":"max-image-preview:large","max-video-preview":"max-video-preview:-1"},"canonical":"http:\/\/www.augustoleitaoadvocacia.com.br\/blogs\/videoconferencia\/","og_locale":"pt_BR","og_type":"article","og_title":"VIDEOCONFER\u00caNCIA - Augusto Leit&atilde;o Advocacia, Consultoria e Assessoria Jur&iacute;dica","og_description":"Nossa abordagem Nossa hist\u00f3ria Consulta por Videoconfer\u00eancia Diante da pandemia de COVID-19, nossa Sociedade de Advocacia ampliou a sua linha digital de atendimento: A partir de 1\u00ba de julho de 2020, o sistema de consulta jur\u00eddica por videoconfer\u00eancia foi disponibilizado para os interessados. Al\u00e9m de evitar a transmiss\u00e3o sistem\u00e1tica da Covid-19, e de proporcionar maisRead More","og_url":"http:\/\/www.augustoleitaoadvocacia.com.br\/blogs\/videoconferencia\/","og_site_name":"Augusto Leit&atilde;o Advocacia, Consultoria e Assessoria Jur&iacute;dica","article_publisher":"https:\/\/www.facebook.com\/augusto.leitao.71","article_modified_time":"2025-02-21T02:30:10+00:00","og_image":[{"url":"http:\/\/www.augustoleitaoadvocacia.com.br\/blogs\/wp-content\/uploads\/2025\/02\/video.png"}],"twitter_card":"summary","twitter_misc":{"Est. reading time":"1 minuto"},"schema":{"@context":"https:\/\/schema.org","@graph":[{"@type":"WebSite","@id":"http:\/\/www.augustoleitaoadvocacia.com.br\/blogs\/#website","url":"http:\/\/www.augustoleitaoadvocacia.com.br\/blogs\/","name":"Augusto Leit&atilde;o Advocacia, Consultoria e Assessoria Jur&iacute;dica","description":"O Acesso &agrave; Justi&ccedil;a n&atilde;o &eacute; um Privil&eacute;gio; &eacute; um Direito!","potentialAction":[{"@type":"SearchAction","target":{"@type":"EntryPoint","urlTemplate":"http:\/\/www.augustoleitaoadvocacia.com.br\/blogs\/?s={search_term_string}"},"query-input":"required name=search_term_string"}],"inLanguage":"pt-BR"},{"@type":"ImageObject","@id":"http:\/\/www.augustoleitaoadvocacia.com.br\/blogs\/videoconferencia\/#primaryimage","inLanguage":"pt-BR","url":"http:\/\/www.augustoleitaoadvocacia.com.br\/blogs\/wp-content\/uploads\/2025\/02\/video.png","contentUrl":"http:\/\/www.augustoleitaoadvocacia.com.br\/blogs\/wp-content\/uploads\/2025\/02\/video.png","width":1024,"height":1024},{"@type":"WebPage","@id":"http:\/\/www.augustoleitaoadvocacia.com.br\/blogs\/videoconferencia\/#webpage","url":"http:\/\/www.augustoleitaoadvocacia.com.br\/blogs\/videoconferencia\/","name":"VIDEOCONFER\u00caNCIA - Augusto Leit&atilde;o Advocacia, Consultoria e Assessoria Jur&iacute;dica","isPartOf":{"@id":"http:\/\/www.augustoleitaoadvocacia.com.br\/blogs\/#website"},"primaryImageOfPage":{"@id":"http:\/\/www.augustoleitaoadvocacia.com.br\/blogs\/videoconferencia\/#primaryimage"},"datePublished":"2017-07-07T02:42:36+00:00","dateModified":"2025-02-21T02:30:10+00:00","breadcrumb":{"@id":"http:\/\/www.augustoleitaoadvocacia.com.br\/blogs\/videoconferencia\/#breadcrumb"},"inLanguage":"pt-BR","potentialAction":[{"@type":"ReadAction","target":["http:\/\/www.augustoleitaoadvocacia.com.br\/blogs\/videoconferencia\/"]}]},{"@type":"BreadcrumbList","@id":"http:\/\/www.augustoleitaoadvocacia.com.br\/blogs\/videoconferencia\/#breadcrumb","itemListElement":[{"@type":"ListItem","position":1,"name":"In\u00edcio","item":"https:\/\/www.augustoleitaoadvocacia.com.br\/blogs\/"},{"@type":"ListItem","position":2,"name":"VIDEOCONFER\u00caNCIA"}]}]}},"_links":{"self":[{"href":"http:\/\/www.augustoleitaoadvocacia.com.br\/blogs\/wp-json\/wp\/v2\/pages\/2"}],"collection":[{"href":"http:\/\/www.augustoleitaoadvocacia.com.br\/blogs\/wp-json\/wp\/v2\/pages"}],"about":[{"href":"http:\/\/www.augustoleitaoadvocacia.com.br\/blogs\/wp-json\/wp\/v2\/types\/page"}],"author":[{"embeddable":true,"href":"http:\/\/www.augustoleitaoadvocacia.com.br\/blogs\/wp-json\/wp\/v2\/users\/1"}],"replies":[{"embeddable":true,"href":"http:\/\/www.augustoleitaoadvocacia.com.br\/blogs\/wp-json\/wp\/v2\/comments?post=2"}],"version-history":[{"count":14,"href":"http:\/\/www.augustoleitaoadvocacia.com.br\/blogs\/wp-json\/wp\/v2\/pages\/2\/revisions"}],"predecessor-version":[{"id":5144,"href":"http:\/\/www.augustoleitaoadvocacia.com.br\/blogs\/wp-json\/wp\/v2\/pages\/2\/revisions\/5144"}],"wp:attachment":[{"href":"http:\/\/www.augustoleitaoadvocacia.com.br\/blogs\/wp-json\/wp\/v2\/media?parent=2"}],"curies":[{"name":"wp","href":"https:\/\/api.w.org\/{rel}","templated":true}]}}