{"id":158,"date":"2017-07-06T23:42:36","date_gmt":"2017-07-07T02:42:36","guid":{"rendered":"http:\/\/www.augustoleitaoadvocacia.com.br\/blogs\/?page_id=158"},"modified":"2025-02-19T23:35:09","modified_gmt":"2025-02-20T02:35:09","slug":"servicos","status":"publish","type":"page","link":"http:\/\/www.augustoleitaoadvocacia.com.br\/blogs\/servicos\/","title":{"rendered":"Servi\u00e7os"},"content":{"rendered":"\n<!-- Quick Adsense WordPress Plugin: http:\/\/quickadsense.com\/ -->\n<div class=\"4c308e0e15e97424b3b568e9327077b2\" data-index=\"1\" style=\"float: none; margin:10px 0 10px 0; text-align:center;\">\n<script async src=\"https:\/\/pagead2.googlesyndication.com\/pagead\/js\/adsbygoogle.js\"><\/script>\r\n<!-- ad1 -->\r\n<ins class=\"adsbygoogle\"\r\n     style=\"display:block\"\r\n     data-ad-client=\"ca-pub-4368990898667171\"\r\n     data-ad-slot=\"6831709539\"\r\n     data-ad-format=\"auto\"\r\n     data-full-width-responsive=\"true\"><\/ins>\r\n<script>\r\n     (adsbygoogle = window.adsbygoogle || []).push({});\r\n<\/script>\n<\/div>\n\n<a href=\"area-civel\" target=\"_self\" itemprop=\"url\" rel=\"noopener\">\n\t\t\t\t<img loading=\"lazy\" src=\"http:\/\/www.augustoleitaoadvocacia.com.br\/blogs\/wp-content\/uploads\/2017\/07\/civil_def.jpg\" alt=\"civil_def\" itemprop=\"image\" height=\"260\" width=\"336\" title=\"civil_def\" onerror=\"this.style.display='none'\">\n\t\t\t\t<\/a>\n<h3><a href=\"area-civel\" target=\"_self\" rel=\"noopener\">\u00c1rea C\u00edvel<\/a><\/h3>\t\t\n\t\t\t<p>Atua\u00e7\u00e3o na \u00c1rea C\u00edvel limitada \u00e0 Responsabilidade Civil, Contratos, Direito de Fam\u00edlia e Sucess\u00f5es e Direito do Consumidor. Seguem as demandas judiciais representam o maior procura:<\/p>\n<ul>\n<li>A\u00e7\u00f5es de Alimentos e de Div\u00f3rcio;<\/li>\n<li>Assessoria Jur\u00eddica na elabora\u00e7\u00e3o de Testamentos e processamento de Invent\u00e1rios Judiciais;<\/li>\n<li>Ajuizamento e acompanhamento de A\u00e7\u00f5es de Contratos Civis:<br>\nContratos de compra e venda, Loca\u00e7\u00e3o, Incorpora\u00e7\u00e3o imobili\u00e1ria, Hipoteca e Penhor;<\/li>\n<li>Ajuizamento e defesa em A\u00e7\u00f5es de Cobran\u00e7a;<\/li>\n<li>A\u00e7\u00f5es Indenizat\u00f3rias por Dano Moral e Material;<\/li>\n<li>Responsabilidade Civil<\/li>\n<li>A\u00e7\u00f5es que envolvam Direitos do Consumidor.<\/li>\n<\/ul>\n\t\t\t<a href=\"area-civel\" target=\"_self\" role=\"button\" rel=\"noopener\">\n\t\t\t\t\t\t\t\u00c1rea C\u00edvel\n\t\t\t\t\t<\/a>\n\t\t\t\t<a href=\"direito_militar_hoje\" target=\"_self\" itemprop=\"url\" rel=\"noopener\">\n\t\t\t\t<img loading=\"lazy\" src=\"http:\/\/www.augustoleitaoadvocacia.com.br\/blogs\/wp-content\/uploads\/2025\/02\/milico1.jpg\" alt=\"milico1\" itemprop=\"image\" height=\"1024\" width=\"1024\" title=\"milico1\" onerror=\"this.style.display='none'\">\n\t\t\t\t<\/a>\n<h3><a href=\"direito_militar_hoje\" target=\"_self\" rel=\"noopener\">Direito Militar<\/a><\/h3>\t\t\n\t\t\t<ul>\n<li><a href=\"http:\/\/lesp\">Possibilidade de receber em vida a Licen\u00e7a Especial n\u00e3o gozada &#8211; LESP<\/a>;<\/li>\n<li>Assessoria Jur\u00eddica acerca da interfer\u00eancia ou n\u00e3o do casamento e da uni\u00e3o est\u00e1vel na manuten\u00e7\u00e3o da pens\u00e3o militar percebida periodicamente;<\/li>\n<li>A\u00e7\u00f5es para comprova\u00e7\u00e3o da condi\u00e7\u00e3o de benefici\u00e1rio e v\u00ednculo com o instituidor do benef\u00edcio: filho ou filha capaz, filhos inv\u00e1lidos, esposa, companheira, m\u00e3e e pai, dependentes econ\u00f4micos;<\/li>\n<li>A\u00e7\u00f5es pelo direito de contribuir com 1,5%, dos militares que foram impedidos de contribuir com o advento da MP 2215-10\/2001 (eram cadetes, alunos, soldados nos anos 2000\/2001);<\/li>\n<li>A\u00e7\u00f5es pelo direito de renunciar \u00e0 contribui\u00e7\u00e3o espec\u00edfica de 1,5%;<\/li>\n<li>A\u00e7\u00f5es de Isen\u00e7\u00e3o de IR;<\/li>\n<li>Anistiados Pol\u00edticos: Reconhecimento da sua condi\u00e7\u00e3o, isen\u00e7\u00e3o de IR e isen\u00e7\u00e3o de contribui\u00e7\u00e3o previdenci\u00e1ria; majora\u00e7\u00e3o do adicional de habilita\u00e7\u00e3o e do adicional militar.<\/li>\n<\/ul>\n\t\t\t<a href=\"direito_militar_hoje\" target=\"_self\" role=\"button\" rel=\"noopener\">\n\t\t\t\t\t\t\tDireito Militar\n\t\t\t\t\t<\/a>\n\t\t\t\t<a href=\"atuacao-extrajudicial\" target=\"_self\" itemprop=\"url\" rel=\"noopener\">\n\t\t\t\t<img loading=\"lazy\" src=\"http:\/\/www.augustoleitaoadvocacia.com.br\/blogs\/wp-content\/uploads\/2017\/07\/extra_def.jpg\" alt=\"extra_def\" itemprop=\"image\" height=\"260\" width=\"336\" title=\"extra_def\" onerror=\"this.style.display='none'\">\n\t\t\t\t<\/a>\n<h3><a href=\"atuacao-extrajudicial\" target=\"_self\" rel=\"noopener\">Atua\u00e7\u00e3o Extrajudicial<\/a><\/h3>\t\t\n<article id=\"post-428\">\n<ul>\n<li>Elabora\u00e7\u00e3o de Pacto Antenupcial e Contatos de Conviv\u00eancia, Arrolamento de Bens, Div\u00f3rcio, Invent\u00e1rio, com e sem Testamento;<\/li>\n<li>Assessoria Jur\u00eddica na elabora\u00e7\u00e3o, revis\u00e3o e acompanhamento de Contratos Civis (Compra e Venda, Loca\u00e7\u00e3o, Incorpora\u00e7\u00e3o Imobili\u00e1ria, Hipoteca e Penhor);<\/li>\n<li>Consultas e Pareceres escritos acerca de temas relevantes da \u00c1rea C\u00edvel e Militar;<\/li>\n<li>Requerimentos Administrativos perante as For\u00e7as Armadas e For\u00e7as Auxiliares.<\/li>\n<\/ul>\n<\/article>\n\t\t\t<a href=\"atuacao-extrajudicial\" target=\"_self\" role=\"button\" rel=\"noopener\">\n\t\t\t\t\t\t\tAtua\u00e7\u00e3o Extrajudicial\n\t\t\t\t\t<\/a>\n\t\t<h3>Entre em contato &#8230;<\/h3>\n\t\t<p>Acesse nossa p\u00e1gina de contatos e saiba como contactar-nos via e-mail ou telefone. Caso uma das \u00e1reas supra seja de seu interesse, agende uma visita!<\/p>\n\t\t\t<a href=\"contato\" target=\"_self\" role=\"button\" rel=\"noopener\">\n\t\t\t\t\t\t\tAgende uma Visita!\n\t\t\t\t\t<\/a>\n\n<div style=\"font-size: 0px; height: 0px; line-height: 0px; margin: 0; padding: 0; clear: both;\"><\/div>","protected":false},"excerpt":{"rendered":"<p>\u00c1rea C\u00edvel Atua\u00e7\u00e3o na \u00c1rea C\u00edvel limitada \u00e0 Responsabilidade Civil, Contratos, Direito de Fam\u00edlia e Sucess\u00f5es e Direito do Consumidor. Seguem as demandas judiciais representam o maior procura: A\u00e7\u00f5es de Alimentos e de Div\u00f3rcio; Assessoria Jur\u00eddica na elabora\u00e7\u00e3o de Testamentos e processamento de Invent\u00e1rios Judiciais; Ajuizamento e acompanhamento de A\u00e7\u00f5es de Contratos Civis: Contratos de<\/p>\n<p><a href=\"http:\/\/www.augustoleitaoadvocacia.com.br\/blogs\/servicos\/\" class=\"more-link themebutton\">Read More<\/a><\/p>\n","protected":false},"author":1,"featured_media":0,"parent":0,"menu_order":0,"comment_status":"closed","ping_status":"closed","template":"","meta":[],"yoast_head":"<!-- This site is optimized with the Yoast SEO plugin v17.6 - https:\/\/yoast.com\/wordpress\/plugins\/seo\/ -->\n<title>Servi\u00e7os - Augusto Leit&atilde;o Advocacia, Consultoria e Assessoria Jur&iacute;dica<\/title>\n<meta name=\"robots\" content=\"index, follow, max-snippet:-1, max-image-preview:large, max-video-preview:-1\" \/>\n<link rel=\"canonical\" href=\"http:\/\/www.augustoleitaoadvocacia.com.br\/blogs\/servicos\/\" \/>\n<meta property=\"og:locale\" content=\"pt_BR\" \/>\n<meta property=\"og:type\" content=\"article\" \/>\n<meta property=\"og:title\" content=\"Servi\u00e7os - Augusto Leit&atilde;o Advocacia, Consultoria e Assessoria Jur&iacute;dica\" \/>\n<meta property=\"og:description\" content=\"\u00c1rea C\u00edvel Atua\u00e7\u00e3o na \u00c1rea C\u00edvel limitada \u00e0 Responsabilidade Civil, Contratos, Direito de Fam\u00edlia e Sucess\u00f5es e Direito do Consumidor. Seguem as demandas judiciais representam o maior procura: A\u00e7\u00f5es de Alimentos e de Div\u00f3rcio; Assessoria Jur\u00eddica na elabora\u00e7\u00e3o de Testamentos e processamento de Invent\u00e1rios Judiciais; Ajuizamento e acompanhamento de A\u00e7\u00f5es de Contratos Civis: Contratos deRead More\" \/>\n<meta property=\"og:url\" content=\"http:\/\/www.augustoleitaoadvocacia.com.br\/blogs\/servicos\/\" \/>\n<meta property=\"og:site_name\" content=\"Augusto Leit&atilde;o Advocacia, Consultoria e Assessoria Jur&iacute;dica\" \/>\n<meta property=\"article:publisher\" content=\"https:\/\/www.facebook.com\/augusto.leitao.71\" \/>\n<meta property=\"article:modified_time\" content=\"2025-02-20T02:35:09+00:00\" \/>\n<meta property=\"og:image\" content=\"http:\/\/www.augustoleitaoadvocacia.com.br\/blogs\/wp-content\/uploads\/2017\/07\/civil_def.jpg\" \/>\n<meta name=\"twitter:card\" content=\"summary\" \/>\n<meta name=\"twitter:label1\" content=\"Est. reading time\" \/>\n\t<meta name=\"twitter:data1\" content=\"2 minutos\" \/>\n<script type=\"application\/ld+json\" class=\"yoast-schema-graph\">{\"@context\":\"https:\/\/schema.org\",\"@graph\":[{\"@type\":\"WebSite\",\"@id\":\"http:\/\/www.augustoleitaoadvocacia.com.br\/blogs\/#website\",\"url\":\"http:\/\/www.augustoleitaoadvocacia.com.br\/blogs\/\",\"name\":\"Augusto Leit&atilde;o Advocacia, Consultoria e Assessoria Jur&iacute;dica\",\"description\":\"O Acesso &agrave; Justi&ccedil;a n&atilde;o &eacute; um Privil&eacute;gio; &eacute; um Direito!\",\"potentialAction\":[{\"@type\":\"SearchAction\",\"target\":{\"@type\":\"EntryPoint\",\"urlTemplate\":\"http:\/\/www.augustoleitaoadvocacia.com.br\/blogs\/?s={search_term_string}\"},\"query-input\":\"required name=search_term_string\"}],\"inLanguage\":\"pt-BR\"},{\"@type\":\"ImageObject\",\"@id\":\"http:\/\/www.augustoleitaoadvocacia.com.br\/blogs\/servicos\/#primaryimage\",\"inLanguage\":\"pt-BR\",\"url\":\"http:\/\/www.augustoleitaoadvocacia.com.br\/blogs\/wp-content\/uploads\/2017\/07\/civil_def.jpg\",\"contentUrl\":\"http:\/\/www.augustoleitaoadvocacia.com.br\/blogs\/wp-content\/uploads\/2017\/07\/civil_def.jpg\",\"width\":336,\"height\":260},{\"@type\":\"WebPage\",\"@id\":\"http:\/\/www.augustoleitaoadvocacia.com.br\/blogs\/servicos\/#webpage\",\"url\":\"http:\/\/www.augustoleitaoadvocacia.com.br\/blogs\/servicos\/\",\"name\":\"Servi\\u00e7os - Augusto Leit&atilde;o Advocacia, Consultoria e Assessoria Jur&iacute;dica\",\"isPartOf\":{\"@id\":\"http:\/\/www.augustoleitaoadvocacia.com.br\/blogs\/#website\"},\"primaryImageOfPage\":{\"@id\":\"http:\/\/www.augustoleitaoadvocacia.com.br\/blogs\/servicos\/#primaryimage\"},\"datePublished\":\"2017-07-07T02:42:36+00:00\",\"dateModified\":\"2025-02-20T02:35:09+00:00\",\"breadcrumb\":{\"@id\":\"http:\/\/www.augustoleitaoadvocacia.com.br\/blogs\/servicos\/#breadcrumb\"},\"inLanguage\":\"pt-BR\",\"potentialAction\":[{\"@type\":\"ReadAction\",\"target\":[\"http:\/\/www.augustoleitaoadvocacia.com.br\/blogs\/servicos\/\"]}]},{\"@type\":\"BreadcrumbList\",\"@id\":\"http:\/\/www.augustoleitaoadvocacia.com.br\/blogs\/servicos\/#breadcrumb\",\"itemListElement\":[{\"@type\":\"ListItem\",\"position\":1,\"name\":\"In\\u00edcio\",\"item\":\"http:\/\/www.augustoleitaoadvocacia.com.br\/blogs\/\"},{\"@type\":\"ListItem\",\"position\":2,\"name\":\"Servi\\u00e7os\"}]}]}<\/script>\n<!-- \/ Yoast SEO plugin. -->","yoast_head_json":{"title":"Servi\u00e7os - Augusto Leit&atilde;o Advocacia, Consultoria e Assessoria Jur&iacute;dica","robots":{"index":"index","follow":"follow","max-snippet":"max-snippet:-1","max-image-preview":"max-image-preview:large","max-video-preview":"max-video-preview:-1"},"canonical":"http:\/\/www.augustoleitaoadvocacia.com.br\/blogs\/servicos\/","og_locale":"pt_BR","og_type":"article","og_title":"Servi\u00e7os - Augusto Leit&atilde;o Advocacia, Consultoria e Assessoria Jur&iacute;dica","og_description":"\u00c1rea C\u00edvel Atua\u00e7\u00e3o na \u00c1rea C\u00edvel limitada \u00e0 Responsabilidade Civil, Contratos, Direito de Fam\u00edlia e Sucess\u00f5es e Direito do Consumidor. Seguem as demandas judiciais representam o maior procura: A\u00e7\u00f5es de Alimentos e de Div\u00f3rcio; Assessoria Jur\u00eddica na elabora\u00e7\u00e3o de Testamentos e processamento de Invent\u00e1rios Judiciais; Ajuizamento e acompanhamento de A\u00e7\u00f5es de Contratos Civis: Contratos deRead More","og_url":"http:\/\/www.augustoleitaoadvocacia.com.br\/blogs\/servicos\/","og_site_name":"Augusto Leit&atilde;o Advocacia, Consultoria e Assessoria Jur&iacute;dica","article_publisher":"https:\/\/www.facebook.com\/augusto.leitao.71","article_modified_time":"2025-02-20T02:35:09+00:00","og_image":[{"url":"http:\/\/www.augustoleitaoadvocacia.com.br\/blogs\/wp-content\/uploads\/2017\/07\/civil_def.jpg"}],"twitter_card":"summary","twitter_misc":{"Est. reading time":"2 minutos"},"schema":{"@context":"https:\/\/schema.org","@graph":[{"@type":"WebSite","@id":"http:\/\/www.augustoleitaoadvocacia.com.br\/blogs\/#website","url":"http:\/\/www.augustoleitaoadvocacia.com.br\/blogs\/","name":"Augusto Leit&atilde;o Advocacia, Consultoria e Assessoria Jur&iacute;dica","description":"O Acesso &agrave; Justi&ccedil;a n&atilde;o &eacute; um Privil&eacute;gio; &eacute; um Direito!","potentialAction":[{"@type":"SearchAction","target":{"@type":"EntryPoint","urlTemplate":"http:\/\/www.augustoleitaoadvocacia.com.br\/blogs\/?s={search_term_string}"},"query-input":"required name=search_term_string"}],"inLanguage":"pt-BR"},{"@type":"ImageObject","@id":"http:\/\/www.augustoleitaoadvocacia.com.br\/blogs\/servicos\/#primaryimage","inLanguage":"pt-BR","url":"http:\/\/www.augustoleitaoadvocacia.com.br\/blogs\/wp-content\/uploads\/2017\/07\/civil_def.jpg","contentUrl":"http:\/\/www.augustoleitaoadvocacia.com.br\/blogs\/wp-content\/uploads\/2017\/07\/civil_def.jpg","width":336,"height":260},{"@type":"WebPage","@id":"http:\/\/www.augustoleitaoadvocacia.com.br\/blogs\/servicos\/#webpage","url":"http:\/\/www.augustoleitaoadvocacia.com.br\/blogs\/servicos\/","name":"Servi\u00e7os - Augusto Leit&atilde;o Advocacia, Consultoria e Assessoria Jur&iacute;dica","isPartOf":{"@id":"http:\/\/www.augustoleitaoadvocacia.com.br\/blogs\/#website"},"primaryImageOfPage":{"@id":"http:\/\/www.augustoleitaoadvocacia.com.br\/blogs\/servicos\/#primaryimage"},"datePublished":"2017-07-07T02:42:36+00:00","dateModified":"2025-02-20T02:35:09+00:00","breadcrumb":{"@id":"http:\/\/www.augustoleitaoadvocacia.com.br\/blogs\/servicos\/#breadcrumb"},"inLanguage":"pt-BR","potentialAction":[{"@type":"ReadAction","target":["http:\/\/www.augustoleitaoadvocacia.com.br\/blogs\/servicos\/"]}]},{"@type":"BreadcrumbList","@id":"http:\/\/www.augustoleitaoadvocacia.com.br\/blogs\/servicos\/#breadcrumb","itemListElement":[{"@type":"ListItem","position":1,"name":"In\u00edcio","item":"http:\/\/www.augustoleitaoadvocacia.com.br\/blogs\/"},{"@type":"ListItem","position":2,"name":"Servi\u00e7os"}]}]}},"_links":{"self":[{"href":"http:\/\/www.augustoleitaoadvocacia.com.br\/blogs\/wp-json\/wp\/v2\/pages\/158"}],"collection":[{"href":"http:\/\/www.augustoleitaoadvocacia.com.br\/blogs\/wp-json\/wp\/v2\/pages"}],"about":[{"href":"http:\/\/www.augustoleitaoadvocacia.com.br\/blogs\/wp-json\/wp\/v2\/types\/page"}],"author":[{"embeddable":true,"href":"http:\/\/www.augustoleitaoadvocacia.com.br\/blogs\/wp-json\/wp\/v2\/users\/1"}],"replies":[{"embeddable":true,"href":"http:\/\/www.augustoleitaoadvocacia.com.br\/blogs\/wp-json\/wp\/v2\/comments?post=158"}],"version-history":[{"count":12,"href":"http:\/\/www.augustoleitaoadvocacia.com.br\/blogs\/wp-json\/wp\/v2\/pages\/158\/revisions"}],"predecessor-version":[{"id":5134,"href":"http:\/\/www.augustoleitaoadvocacia.com.br\/blogs\/wp-json\/wp\/v2\/pages\/158\/revisions\/5134"}],"wp:attachment":[{"href":"http:\/\/www.augustoleitaoadvocacia.com.br\/blogs\/wp-json\/wp\/v2\/media?parent=158"}],"curies":[{"name":"wp","href":"https:\/\/api.w.org\/{rel}","templated":true}]}}