{"id":1180,"date":"2019-07-12T02:58:43","date_gmt":"2019-07-12T05:58:43","guid":{"rendered":"http:\/\/www.augustoleitaoadvocacia.com.br\/blogs\/?page_id=1180"},"modified":"2025-02-19T22:49:38","modified_gmt":"2025-02-20T01:49:38","slug":"auxilio-moradia-pms-e-bombeiros-rj","status":"publish","type":"page","link":"http:\/\/www.augustoleitaoadvocacia.com.br\/blogs\/auxilio-moradia-pms-e-bombeiros-rj\/","title":{"rendered":"AUXILIO MORADIA PMS E BOMBEIROS RJ"},"content":{"rendered":"\n<!-- Quick Adsense WordPress Plugin: http:\/\/quickadsense.com\/ -->\n<div class=\"4c308e0e15e97424b3b568e9327077b2\" data-index=\"1\" style=\"float: none; margin:10px 0 10px 0; text-align:center;\">\n<script async src=\"https:\/\/pagead2.googlesyndication.com\/pagead\/js\/adsbygoogle.js\"><\/script>\r\n<!-- ad1 -->\r\n<ins class=\"adsbygoogle\"\r\n     style=\"display:block\"\r\n     data-ad-client=\"ca-pub-4368990898667171\"\r\n     data-ad-slot=\"6831709539\"\r\n     data-ad-format=\"auto\"\r\n     data-full-width-responsive=\"true\"><\/ins>\r\n<script>\r\n     (adsbygoogle = window.adsbygoogle || []).push({});\r\n<\/script>\n<\/div>\n<h3><strong>RESTITUI\u00c7\u00c3O DE AUX\u00cdLIO MORADIA DE POLICIAIS MILITARES E BOMBEIROS DO RIO DE JANEIRO<\/strong><\/h3>\n<h3><strong>\u00a0<\/strong><\/h3>\n<h3><strong>APRESENTA\u00c7\u00c3O: O QUE \u00c9 O AUX\u00cdLIO MORADIA E O QUE ACONTECIA COM SEU IMPOSTO DE RENDA AT\u00c9 2016?<\/strong><\/h3>\n<h3>O aux\u00edlio moradia \u00e9 uma esp\u00e9cie de indeniza\u00e7\u00e3o que tem direito o policial militar e bombeiro da ativa e por ter esse car\u00e1ter (indenizat\u00f3rio), sobre ele n\u00e3o pode incidir qualquer tributa\u00e7\u00e3o, nem mesmo Imposto de Renda.<\/h3>\n<h3><strong>O ERRO DO ESTADO DO RJ<\/strong><\/h3>\n<h3>Acontece que o Estado do Rio de Janeiro, por muitos anos, descontou indevidamente dos Policiais Militares e Bombeiros o imposto de renda sobre o valor desse aux\u00edlio, <strong><u>o que \u00e9 ilegal<\/u><\/strong>, j\u00e1 que o valor do aux\u00edlio moradia deveria ser depositado integralmente, sem qualquer tributa\u00e7\u00e3o.<\/h3>\n<h3><strong>A DETERMINA\u00c7\u00c3O DA PROCURADORIA-GERAL DO ESTADO<\/strong><\/h3>\n<h3>A Procuradoria-Geral do Estado do RJ, desde 2016, RECOMENDOU QUE O ESTADO DO RJ DEIXASSE DE COBRAR IMPOSTO DE RENDA SOBRE O VALOR DO AUX\u00cdLIO MORADIA e que o Estado do RJ fez as adequa\u00e7\u00f5es na folha de pagamento em Mar\u00e7o\/2016 \u2013 <strong><u>mas n\u00e3o devolveu nenhum valor retroativo (atrasado)<\/u><\/strong>.<\/h3>\n<h3><strong>QUEM PODE PEDIR A RESTITUI\u00c7\u00c3O?<\/strong><\/h3>\n<h3>Pode requerer a restitui\u00e7\u00e3o dos descontos indevidos sobre o Aux\u00edlio Moradia os Policiais Militares e Bombeiros do Rio de Janeiro que tiveram esses valores descontados em seus contracheques entre JULHO\/2014 e MAR\u00c7O\/2016.<\/h3>\n<h3><strong>PORQUE N\u00c3O SE PODE PEDIR OS 05 ANOS COMPLETOS \u2013 DESDE 2011?<\/strong><\/h3>\n<h3>N\u00e3o \u00e9 poss\u00edvel pedir os valores desde 2011 \u2013 05 (cinco) anos antes da determina\u00e7\u00e3o da Procuradoria-Geral do Estado \u2013 porque uma parte deles j\u00e1 est\u00e3o prescritos. Quer dizer, somente \u00e9 poss\u00edvel requerer 05 (cinco) anos para tr\u00e1s, a contar de hoje, o que permite que se iniciem as devolu\u00e7\u00f5es desde JULHO\/2014.<\/h3>\n<h3><strong>DOCUMENTOS NECESS\u00c1RIOS<\/strong><\/h3>\n<h3>&#8211; Identidade Militar;<\/h3>\n<h3>&#8211; CPF;<\/h3>\n<h3>&#8211; Comprovante de Resid\u00eancia;<\/h3>\n<h3>&#8211; Contracheques de JULHO\/2014 a MAR\u00c7O\/2016;<\/h3>\n<h3>&#8211; Procura\u00e7\u00e3o;<\/h3>\n<h3><strong>JUIZADOS ESPECIAIS FAZEND\u00c1RIOS<\/strong><\/h3>\n<h3>Os Juizados Especiais obedecem a um procedimento simplificado e mais r\u00e1pido do que processos tradicionais. Os Juizados Especiais Fazend\u00e1rios tratam especificamente de assuntos que envolvem tributos, onde tramitam processos que normalmente n\u00e3o necessitam nem mesmo de audi\u00eancias.<\/h3>\n<h3><strong>E-BOOK INFORMATIVO<\/strong><\/h3>\n<h3><strong>LEIA E ENCAMINHE ESTE EBOOK INFORMATIVO\u00a0<\/strong><\/h3>\n<h3>Como vimos, h\u00e1 meios realmente eficazes de se reverter essa situa\u00e7\u00e3o para obter o correto ressarcimento do Estado do RJ, afinal, foi um erro administrativo e voc\u00ea n\u00e3o pode (e n\u00e3o deve) pagar por ele!<\/h3>\n<h3><a href=\"http:\/\/www.augustoleitaoadvocacia.com.br\/blogs\/ebook\/EBOOK_AUXILIO_MORADIA.pdf\"><img loading=\"lazy\" class=\"size-full wp-image-819 aligncenter\" src=\"http:\/\/www.augustoleitaoadvocacia.com.br\/blogs\/wp-content\/uploads\/2018\/08\/BX_EBOOK.jpg\" alt=\"\" width=\"253\" height=\"41\" srcset=\"http:\/\/www.augustoleitaoadvocacia.com.br\/blogs\/wp-content\/uploads\/2018\/08\/BX_EBOOK.jpg 253w, http:\/\/www.augustoleitaoadvocacia.com.br\/blogs\/wp-content\/uploads\/2018\/08\/BX_EBOOK-150x24.jpg 150w\" sizes=\"(max-width: 253px) 100vw, 253px\" \/><\/a><\/h3>\n<h3 style=\"text-align: center;\"><strong>Entre em contato e agende uma visita!<\/strong><\/h3>\n<h3><strong>Encaminhe seu e-mail e esclare\u00e7a suas d\u00favidas!<\/strong><\/h3>\n<h3>Att.<\/h3>\n<h3>Augusto Leit\u00e3o<\/h3>\n\n<div style=\"font-size: 0px; height: 0px; line-height: 0px; margin: 0; padding: 0; clear: both;\"><\/div>","protected":false},"excerpt":{"rendered":"<p>RESTITUI\u00c7\u00c3O DE AUX\u00cdLIO MORADIA DE POLICIAIS MILITARES E BOMBEIROS DO RIO DE JANEIRO \u00a0 APRESENTA\u00c7\u00c3O: O QUE \u00c9 O AUX\u00cdLIO MORADIA E O QUE ACONTECIA COM SEU IMPOSTO DE RENDA AT\u00c9 2016? O aux\u00edlio moradia \u00e9 uma esp\u00e9cie de indeniza\u00e7\u00e3o que tem direito o policial militar e bombeiro da ativa e por ter esse car\u00e1ter<\/p>\n<p><a href=\"http:\/\/www.augustoleitaoadvocacia.com.br\/blogs\/auxilio-moradia-pms-e-bombeiros-rj\/\" class=\"more-link themebutton\">Read More<\/a><\/p>\n","protected":false},"author":1,"featured_media":0,"parent":0,"menu_order":0,"comment_status":"closed","ping_status":"closed","template":"","meta":[],"yoast_head":"<!-- This site is optimized with the Yoast SEO plugin v17.6 - https:\/\/yoast.com\/wordpress\/plugins\/seo\/ -->\n<title>AUXILIO MORADIA PMS E BOMBEIROS RJ - Augusto Leit&atilde;o Advocacia, Consultoria e Assessoria Jur&iacute;dica<\/title>\n<meta name=\"robots\" content=\"index, follow, max-snippet:-1, max-image-preview:large, max-video-preview:-1\" \/>\n<link rel=\"canonical\" href=\"http:\/\/www.augustoleitaoadvocacia.com.br\/blogs\/auxilio-moradia-pms-e-bombeiros-rj\/\" \/>\n<meta property=\"og:locale\" content=\"pt_BR\" \/>\n<meta property=\"og:type\" content=\"article\" \/>\n<meta property=\"og:title\" content=\"AUXILIO MORADIA PMS E BOMBEIROS RJ - Augusto Leit&atilde;o Advocacia, Consultoria e Assessoria Jur&iacute;dica\" \/>\n<meta property=\"og:description\" content=\"RESTITUI\u00c7\u00c3O DE AUX\u00cdLIO MORADIA DE POLICIAIS MILITARES E BOMBEIROS DO RIO DE JANEIRO \u00a0 APRESENTA\u00c7\u00c3O: O QUE \u00c9 O AUX\u00cdLIO MORADIA E O QUE ACONTECIA COM SEU IMPOSTO DE RENDA AT\u00c9 2016? O aux\u00edlio moradia \u00e9 uma esp\u00e9cie de indeniza\u00e7\u00e3o que tem direito o policial militar e bombeiro da ativa e por ter esse car\u00e1terRead More\" \/>\n<meta property=\"og:url\" content=\"http:\/\/www.augustoleitaoadvocacia.com.br\/blogs\/auxilio-moradia-pms-e-bombeiros-rj\/\" \/>\n<meta property=\"og:site_name\" content=\"Augusto Leit&atilde;o Advocacia, Consultoria e Assessoria Jur&iacute;dica\" \/>\n<meta property=\"article:publisher\" content=\"https:\/\/www.facebook.com\/augusto.leitao.71\" \/>\n<meta property=\"article:modified_time\" content=\"2025-02-20T01:49:38+00:00\" \/>\n<meta property=\"og:image\" content=\"http:\/\/www.augustoleitaoadvocacia.com.br\/blogs\/wp-content\/uploads\/2018\/08\/BX_EBOOK.jpg\" \/>\n<meta name=\"twitter:card\" content=\"summary\" \/>\n<meta name=\"twitter:label1\" content=\"Est. reading time\" \/>\n\t<meta name=\"twitter:data1\" content=\"2 minutos\" \/>\n<script type=\"application\/ld+json\" class=\"yoast-schema-graph\">{\"@context\":\"https:\/\/schema.org\",\"@graph\":[{\"@type\":\"WebSite\",\"@id\":\"http:\/\/www.augustoleitaoadvocacia.com.br\/blogs\/#website\",\"url\":\"http:\/\/www.augustoleitaoadvocacia.com.br\/blogs\/\",\"name\":\"Augusto Leit&atilde;o Advocacia, Consultoria e Assessoria Jur&iacute;dica\",\"description\":\"O Acesso &agrave; Justi&ccedil;a n&atilde;o &eacute; um Privil&eacute;gio; &eacute; um Direito!\",\"potentialAction\":[{\"@type\":\"SearchAction\",\"target\":{\"@type\":\"EntryPoint\",\"urlTemplate\":\"http:\/\/www.augustoleitaoadvocacia.com.br\/blogs\/?s={search_term_string}\"},\"query-input\":\"required name=search_term_string\"}],\"inLanguage\":\"pt-BR\"},{\"@type\":\"ImageObject\",\"@id\":\"http:\/\/www.augustoleitaoadvocacia.com.br\/blogs\/auxilio-moradia-pms-e-bombeiros-rj\/#primaryimage\",\"inLanguage\":\"pt-BR\",\"url\":\"http:\/\/www.augustoleitaoadvocacia.com.br\/blogs\/wp-content\/uploads\/2018\/08\/BX_EBOOK.jpg\",\"contentUrl\":\"http:\/\/www.augustoleitaoadvocacia.com.br\/blogs\/wp-content\/uploads\/2018\/08\/BX_EBOOK.jpg\",\"width\":253,\"height\":41},{\"@type\":\"WebPage\",\"@id\":\"http:\/\/www.augustoleitaoadvocacia.com.br\/blogs\/auxilio-moradia-pms-e-bombeiros-rj\/#webpage\",\"url\":\"http:\/\/www.augustoleitaoadvocacia.com.br\/blogs\/auxilio-moradia-pms-e-bombeiros-rj\/\",\"name\":\"AUXILIO MORADIA PMS E BOMBEIROS RJ - Augusto Leit&atilde;o Advocacia, Consultoria e Assessoria Jur&iacute;dica\",\"isPartOf\":{\"@id\":\"http:\/\/www.augustoleitaoadvocacia.com.br\/blogs\/#website\"},\"primaryImageOfPage\":{\"@id\":\"http:\/\/www.augustoleitaoadvocacia.com.br\/blogs\/auxilio-moradia-pms-e-bombeiros-rj\/#primaryimage\"},\"datePublished\":\"2019-07-12T05:58:43+00:00\",\"dateModified\":\"2025-02-20T01:49:38+00:00\",\"breadcrumb\":{\"@id\":\"http:\/\/www.augustoleitaoadvocacia.com.br\/blogs\/auxilio-moradia-pms-e-bombeiros-rj\/#breadcrumb\"},\"inLanguage\":\"pt-BR\",\"potentialAction\":[{\"@type\":\"ReadAction\",\"target\":[\"http:\/\/www.augustoleitaoadvocacia.com.br\/blogs\/auxilio-moradia-pms-e-bombeiros-rj\/\"]}]},{\"@type\":\"BreadcrumbList\",\"@id\":\"http:\/\/www.augustoleitaoadvocacia.com.br\/blogs\/auxilio-moradia-pms-e-bombeiros-rj\/#breadcrumb\",\"itemListElement\":[{\"@type\":\"ListItem\",\"position\":1,\"name\":\"In\\u00edcio\",\"item\":\"http:\/\/www.augustoleitaoadvocacia.com.br\/blogs\/\"},{\"@type\":\"ListItem\",\"position\":2,\"name\":\"AUXILIO MORADIA PMS E BOMBEIROS RJ\"}]}]}<\/script>\n<!-- \/ Yoast SEO plugin. -->","yoast_head_json":{"title":"AUXILIO MORADIA PMS E BOMBEIROS RJ - Augusto Leit&atilde;o Advocacia, Consultoria e Assessoria Jur&iacute;dica","robots":{"index":"index","follow":"follow","max-snippet":"max-snippet:-1","max-image-preview":"max-image-preview:large","max-video-preview":"max-video-preview:-1"},"canonical":"http:\/\/www.augustoleitaoadvocacia.com.br\/blogs\/auxilio-moradia-pms-e-bombeiros-rj\/","og_locale":"pt_BR","og_type":"article","og_title":"AUXILIO MORADIA PMS E BOMBEIROS RJ - Augusto Leit&atilde;o Advocacia, Consultoria e Assessoria Jur&iacute;dica","og_description":"RESTITUI\u00c7\u00c3O DE AUX\u00cdLIO MORADIA DE POLICIAIS MILITARES E BOMBEIROS DO RIO DE JANEIRO \u00a0 APRESENTA\u00c7\u00c3O: O QUE \u00c9 O AUX\u00cdLIO MORADIA E O QUE ACONTECIA COM SEU IMPOSTO DE RENDA AT\u00c9 2016? O aux\u00edlio moradia \u00e9 uma esp\u00e9cie de indeniza\u00e7\u00e3o que tem direito o policial militar e bombeiro da ativa e por ter esse car\u00e1terRead More","og_url":"http:\/\/www.augustoleitaoadvocacia.com.br\/blogs\/auxilio-moradia-pms-e-bombeiros-rj\/","og_site_name":"Augusto Leit&atilde;o Advocacia, Consultoria e Assessoria Jur&iacute;dica","article_publisher":"https:\/\/www.facebook.com\/augusto.leitao.71","article_modified_time":"2025-02-20T01:49:38+00:00","og_image":[{"url":"http:\/\/www.augustoleitaoadvocacia.com.br\/blogs\/wp-content\/uploads\/2018\/08\/BX_EBOOK.jpg"}],"twitter_card":"summary","twitter_misc":{"Est. reading time":"2 minutos"},"schema":{"@context":"https:\/\/schema.org","@graph":[{"@type":"WebSite","@id":"http:\/\/www.augustoleitaoadvocacia.com.br\/blogs\/#website","url":"http:\/\/www.augustoleitaoadvocacia.com.br\/blogs\/","name":"Augusto Leit&atilde;o Advocacia, Consultoria e Assessoria Jur&iacute;dica","description":"O Acesso &agrave; Justi&ccedil;a n&atilde;o &eacute; um Privil&eacute;gio; &eacute; um Direito!","potentialAction":[{"@type":"SearchAction","target":{"@type":"EntryPoint","urlTemplate":"http:\/\/www.augustoleitaoadvocacia.com.br\/blogs\/?s={search_term_string}"},"query-input":"required name=search_term_string"}],"inLanguage":"pt-BR"},{"@type":"ImageObject","@id":"http:\/\/www.augustoleitaoadvocacia.com.br\/blogs\/auxilio-moradia-pms-e-bombeiros-rj\/#primaryimage","inLanguage":"pt-BR","url":"http:\/\/www.augustoleitaoadvocacia.com.br\/blogs\/wp-content\/uploads\/2018\/08\/BX_EBOOK.jpg","contentUrl":"http:\/\/www.augustoleitaoadvocacia.com.br\/blogs\/wp-content\/uploads\/2018\/08\/BX_EBOOK.jpg","width":253,"height":41},{"@type":"WebPage","@id":"http:\/\/www.augustoleitaoadvocacia.com.br\/blogs\/auxilio-moradia-pms-e-bombeiros-rj\/#webpage","url":"http:\/\/www.augustoleitaoadvocacia.com.br\/blogs\/auxilio-moradia-pms-e-bombeiros-rj\/","name":"AUXILIO MORADIA PMS E BOMBEIROS RJ - Augusto Leit&atilde;o Advocacia, Consultoria e Assessoria Jur&iacute;dica","isPartOf":{"@id":"http:\/\/www.augustoleitaoadvocacia.com.br\/blogs\/#website"},"primaryImageOfPage":{"@id":"http:\/\/www.augustoleitaoadvocacia.com.br\/blogs\/auxilio-moradia-pms-e-bombeiros-rj\/#primaryimage"},"datePublished":"2019-07-12T05:58:43+00:00","dateModified":"2025-02-20T01:49:38+00:00","breadcrumb":{"@id":"http:\/\/www.augustoleitaoadvocacia.com.br\/blogs\/auxilio-moradia-pms-e-bombeiros-rj\/#breadcrumb"},"inLanguage":"pt-BR","potentialAction":[{"@type":"ReadAction","target":["http:\/\/www.augustoleitaoadvocacia.com.br\/blogs\/auxilio-moradia-pms-e-bombeiros-rj\/"]}]},{"@type":"BreadcrumbList","@id":"http:\/\/www.augustoleitaoadvocacia.com.br\/blogs\/auxilio-moradia-pms-e-bombeiros-rj\/#breadcrumb","itemListElement":[{"@type":"ListItem","position":1,"name":"In\u00edcio","item":"http:\/\/www.augustoleitaoadvocacia.com.br\/blogs\/"},{"@type":"ListItem","position":2,"name":"AUXILIO MORADIA PMS E BOMBEIROS RJ"}]}]}},"_links":{"self":[{"href":"http:\/\/www.augustoleitaoadvocacia.com.br\/blogs\/wp-json\/wp\/v2\/pages\/1180"}],"collection":[{"href":"http:\/\/www.augustoleitaoadvocacia.com.br\/blogs\/wp-json\/wp\/v2\/pages"}],"about":[{"href":"http:\/\/www.augustoleitaoadvocacia.com.br\/blogs\/wp-json\/wp\/v2\/types\/page"}],"author":[{"embeddable":true,"href":"http:\/\/www.augustoleitaoadvocacia.com.br\/blogs\/wp-json\/wp\/v2\/users\/1"}],"replies":[{"embeddable":true,"href":"http:\/\/www.augustoleitaoadvocacia.com.br\/blogs\/wp-json\/wp\/v2\/comments?post=1180"}],"version-history":[{"count":3,"href":"http:\/\/www.augustoleitaoadvocacia.com.br\/blogs\/wp-json\/wp\/v2\/pages\/1180\/revisions"}],"predecessor-version":[{"id":5120,"href":"http:\/\/www.augustoleitaoadvocacia.com.br\/blogs\/wp-json\/wp\/v2\/pages\/1180\/revisions\/5120"}],"wp:attachment":[{"href":"http:\/\/www.augustoleitaoadvocacia.com.br\/blogs\/wp-json\/wp\/v2\/media?parent=1180"}],"curies":[{"name":"wp","href":"https:\/\/api.w.org\/{rel}","templated":true}]}}